{"id":603,"date":"2025-05-19T09:07:06","date_gmt":"2025-05-19T09:07:06","guid":{"rendered":"https:\/\/citizen.equality.agency\/tim\/"},"modified":"2025-07-18T15:19:08","modified_gmt":"2025-07-18T15:19:08","slug":"tim","status":"publish","type":"page","link":"https:\/\/citizen.equality.agency\/sk\/tim\/","title":{"rendered":"T\u00edm"},"content":{"rendered":"\t\t<div data-elementor-type=\"wp-page\" data-elementor-id=\"603\" class=\"elementor elementor-603 elementor-38\" data-elementor-post-type=\"page\">\n\t\t\t\t<div class=\"elementor-element elementor-element-677b242 e-flex e-con-boxed e-con e-parent\" data-id=\"677b242\" data-element_type=\"container\" data-e-type=\"container\">\n\t\t\t\t\t<div class=\"e-con-inner\">\n\t\t\t\t<div class=\"elementor-element elementor-element-dc742aa elementor-widget elementor-widget-heading\" data-id=\"dc742aa\" data-element_type=\"widget\" data-e-type=\"widget\" data-widget_type=\"heading.default\">\n\t\t\t\t<div class=\"elementor-widget-container\">\n\t\t\t\t\t<h2 class=\"elementor-heading-title elementor-size-default\">N\u00e1\u0161 t\u00edm<\/h2>\t\t\t\t<\/div>\n\t\t\t\t<\/div>\n\t\t\t\t<div class=\"elementor-element elementor-element-e87a1fa elementor-widget-divider--view-line elementor-widget elementor-widget-divider\" data-id=\"e87a1fa\" data-element_type=\"widget\" data-e-type=\"widget\" data-widget_type=\"divider.default\">\n\t\t\t\t<div class=\"elementor-widget-container\">\n\t\t\t\t\t\t\t<div class=\"elementor-divider\">\n\t\t\t<span class=\"elementor-divider-separator\">\n\t\t\t\t\t\t<\/span>\n\t\t<\/div>\n\t\t\t\t\t\t<\/div>\n\t\t\t\t<\/div>\n\t\t\t\t\t<\/div>\n\t\t\t\t<\/div>\n\t\t<div class=\"elementor-element elementor-element-db28504 e-flex e-con-boxed e-con e-parent\" data-id=\"db28504\" data-element_type=\"container\" data-e-type=\"container\">\n\t\t\t\t\t<div class=\"e-con-inner\">\n\t\t<div class=\"elementor-element elementor-element-b80bb7b e-con-full e-flex e-con e-child\" data-id=\"b80bb7b\" data-element_type=\"container\" data-e-type=\"container\">\n\t\t\t\t<div class=\"elementor-element elementor-element-773575b elementor-widget elementor-widget-image\" data-id=\"773575b\" data-element_type=\"widget\" data-e-type=\"widget\" data-widget_type=\"image.default\">\n\t\t\t\t<div class=\"elementor-widget-container\">\n\t\t\t\t\t\t\t\t\t\t\t\t\t\t\t<img fetchpriority=\"high\" decoding=\"async\" width=\"683\" height=\"1024\" src=\"https:\/\/citizen.equality.agency\/wp-content\/uploads\/2025\/05\/gere-683x1024-1.jpg\" class=\"attachment-full size-full wp-image-604\" alt=\"\" srcset=\"https:\/\/citizen.equality.agency\/wp-content\/uploads\/2025\/05\/gere-683x1024-1.jpg 683w, https:\/\/citizen.equality.agency\/wp-content\/uploads\/2025\/05\/gere-683x1024-1-200x300.jpg 200w\" sizes=\"(max-width: 683px) 100vw, 683px\" \/>\t\t\t\t\t\t\t\t\t\t\t\t\t\t\t<\/div>\n\t\t\t\t<\/div>\n\t\t\t\t<\/div>\n\t\t<div class=\"elementor-element elementor-element-c637694 e-con-full e-flex e-con e-child\" data-id=\"c637694\" data-element_type=\"container\" data-e-type=\"container\">\n\t\t\t\t<div class=\"elementor-element elementor-element-274aa45 elementor-widget elementor-widget-heading\" data-id=\"274aa45\" data-element_type=\"widget\" data-e-type=\"widget\" data-widget_type=\"heading.default\">\n\t\t\t\t<div class=\"elementor-widget-container\">\n\t\t\t\t\t<h2 class=\"elementor-heading-title elementor-size-default\">Gere Tripkov<\/h2>\t\t\t\t<\/div>\n\t\t\t\t<\/div>\n\t\t\t\t<div class=\"elementor-element elementor-element-84daf11 elementor-widget elementor-widget-heading\" data-id=\"84daf11\" data-element_type=\"widget\" data-e-type=\"widget\" data-widget_type=\"heading.default\">\n\t\t\t\t<div class=\"elementor-widget-container\">\n\t\t\t\t\t<h2 class=\"elementor-heading-title elementor-size-default\">Zakladate\u013e a akt\u00edvny predseda zdru\u017eenia EQUALITY, projektov\u00fd mana\u017e\u00e9r projektu ID: CITIZEN<\/h2>\t\t\t\t<\/div>\n\t\t\t\t<\/div>\n\t\t\t\t<div class=\"elementor-element elementor-element-203cc87 elementor-widget elementor-widget-text-editor\" data-id=\"203cc87\" data-element_type=\"widget\" data-e-type=\"widget\" data-widget_type=\"text-editor.default\">\n\t\t\t\t<div class=\"elementor-widget-container\">\n\t\t\t\t\t\t\t\t\t<p>Je z\u00e1stupcom pr\u00e1v marginalizovan\u00fdch spolo\u010densk\u00fdch skup\u00edn a u\u017e 10 rokov sa venuje aktivistick\u00fdm projektom na podporu \u013eudsk\u00fdch pr\u00e1v. Je tie\u017e Life &amp; Executive Coach a zakladate\u013eom inovat\u00edvneho, medzin\u00e1rodne oce\u0148ovan\u00e9ho kou\u010dovacieho programu \u201eCosense \u2013 Coaching With All Senses\u201c. <\/p><p>Ako verejn\u00e1 osobnos\u0165 m\u00e1 viac ako 15 rokov pracovn\u00fdch sk\u00fasenost\u00ed vo vrcholn\u00fdch vl\u00e1dnych in\u0161tit\u00faci\u00e1ch, ako aj v neziskovom a s\u00fakromnom sektore.<\/p>\t\t\t\t\t\t\t\t<\/div>\n\t\t\t\t<\/div>\n\t\t\t\t<\/div>\n\t\t\t\t\t<\/div>\n\t\t\t\t<\/div>\n\t\t<div class=\"elementor-element elementor-element-509a965 e-flex e-con-boxed e-con e-parent\" data-id=\"509a965\" data-element_type=\"container\" data-e-type=\"container\">\n\t\t\t\t\t<div class=\"e-con-inner\">\n\t\t<div class=\"elementor-element elementor-element-250d709 e-con-full e-flex e-con e-child\" data-id=\"250d709\" data-element_type=\"container\" data-e-type=\"container\">\n\t\t\t\t<div class=\"elementor-element elementor-element-635f722 elementor-widget elementor-widget-image\" data-id=\"635f722\" data-element_type=\"widget\" data-e-type=\"widget\" data-widget_type=\"image.default\">\n\t\t\t\t<div class=\"elementor-widget-container\">\n\t\t\t\t\t\t\t\t\t\t\t\t\t\t\t<img decoding=\"async\" width=\"682\" height=\"1024\" src=\"https:\/\/citizen.equality.agency\/wp-content\/uploads\/2025\/05\/ruzica-682x1024-1.jpg\" class=\"attachment-full size-full wp-image-605\" alt=\"\" srcset=\"https:\/\/citizen.equality.agency\/wp-content\/uploads\/2025\/05\/ruzica-682x1024-1.jpg 682w, https:\/\/citizen.equality.agency\/wp-content\/uploads\/2025\/05\/ruzica-682x1024-1-200x300.jpg 200w\" sizes=\"(max-width: 682px) 100vw, 682px\" \/>\t\t\t\t\t\t\t\t\t\t\t\t\t\t\t<\/div>\n\t\t\t\t<\/div>\n\t\t\t\t<\/div>\n\t\t<div class=\"elementor-element elementor-element-2652f0c e-con-full e-flex e-con e-child\" data-id=\"2652f0c\" data-element_type=\"container\" data-e-type=\"container\">\n\t\t\t\t<div class=\"elementor-element elementor-element-95ca19a elementor-widget elementor-widget-heading\" data-id=\"95ca19a\" data-element_type=\"widget\" data-e-type=\"widget\" data-widget_type=\"heading.default\">\n\t\t\t\t<div class=\"elementor-widget-container\">\n\t\t\t\t\t<h2 class=\"elementor-heading-title elementor-size-default\">\nRuzhica Stojanovska<\/h2>\t\t\t\t<\/div>\n\t\t\t\t<\/div>\n\t\t\t\t<div class=\"elementor-element elementor-element-3ec4791 elementor-widget elementor-widget-heading\" data-id=\"3ec4791\" data-element_type=\"widget\" data-e-type=\"widget\" data-widget_type=\"heading.default\">\n\t\t\t\t<div class=\"elementor-widget-container\">\n\t\t\t\t\t<h2 class=\"elementor-heading-title elementor-size-default\">Projektov\u00fd koordin\u00e1tor \/ mana\u017e\u00e9r komun\u00edt \u2013 Equality, koordin\u00e1tor projektu ID: CITIZEN<\/h2>\t\t\t\t<\/div>\n\t\t\t\t<\/div>\n\t\t\t\t<div class=\"elementor-element elementor-element-f86486a elementor-widget elementor-widget-text-editor\" data-id=\"f86486a\" data-element_type=\"widget\" data-e-type=\"widget\" data-widget_type=\"text-editor.default\">\n\t\t\t\t<div class=\"elementor-widget-container\">\n\t\t\t\t\t\t\t\t\t<p>Vy\u0161tudovan\u00fd soci\u00e1lny pracovn\u00edk, veden\u00fd empatiou, prijat\u00edm a rovnakou l\u00e1skou ku v\u0161etk\u00fdm. Venovan\u00fd zlep\u0161ovaniu ka\u017edodenn\u00e9ho \u017eivota marginalizovan\u00fdch skup\u00edn a zmier\u0148ovaniu soci\u00e1lnych riz\u00edk v r\u00f4znych oblastiach. <br><br>S predch\u00e1dzaj\u00facimi sk\u00fasenos\u0165ami v soci\u00e1lnej pr\u00e1ci so star\u0161\u00edmi \u013eu\u010fmi a v eduka\u010dnej asistencii sa dostala do zdru\u017eenia Equality, \u010do jej otvorilo nov\u00e9 poh\u013eady a n\u00e1pady smerom k \u010fal\u0161iemu vzdel\u00e1vaniu, osobn\u00e9mu rozvoju a nap\u013a\u0148aniu idey rovnak\u00fdch pr\u00edle\u017eitost\u00ed a re\u0161pektu pre v\u0161etk\u00fdch.<\/p>\t\t\t\t\t\t\t\t<\/div>\n\t\t\t\t<\/div>\n\t\t\t\t<\/div>\n\t\t\t\t\t<\/div>\n\t\t\t\t<\/div>\n\t\t<div class=\"elementor-element elementor-element-59d43d7 e-flex e-con-boxed e-con e-parent\" data-id=\"59d43d7\" data-element_type=\"container\" data-e-type=\"container\">\n\t\t\t\t\t<div class=\"e-con-inner\">\n\t\t<div class=\"elementor-element elementor-element-0748f38 e-con-full e-flex e-con e-child\" data-id=\"0748f38\" data-element_type=\"container\" data-e-type=\"container\">\n\t\t\t\t<div class=\"elementor-element elementor-element-63e3e87 elementor-widget elementor-widget-image\" data-id=\"63e3e87\" data-element_type=\"widget\" data-e-type=\"widget\" data-widget_type=\"image.default\">\n\t\t\t\t<div class=\"elementor-widget-container\">\n\t\t\t\t\t\t\t\t\t\t\t\t\t\t\t<img decoding=\"async\" width=\"737\" height=\"1024\" src=\"https:\/\/citizen.equality.agency\/wp-content\/uploads\/2025\/05\/simona-737x1024-1.jpg\" class=\"attachment-full size-full wp-image-606\" alt=\"\" srcset=\"https:\/\/citizen.equality.agency\/wp-content\/uploads\/2025\/05\/simona-737x1024-1.jpg 737w, https:\/\/citizen.equality.agency\/wp-content\/uploads\/2025\/05\/simona-737x1024-1-216x300.jpg 216w\" sizes=\"(max-width: 737px) 100vw, 737px\" \/>\t\t\t\t\t\t\t\t\t\t\t\t\t\t\t<\/div>\n\t\t\t\t<\/div>\n\t\t\t\t<\/div>\n\t\t<div class=\"elementor-element elementor-element-31f75ca e-con-full e-flex e-con e-child\" data-id=\"31f75ca\" data-element_type=\"container\" data-e-type=\"container\">\n\t\t\t\t<div class=\"elementor-element elementor-element-d6ed7f0 elementor-widget elementor-widget-heading\" data-id=\"d6ed7f0\" data-element_type=\"widget\" data-e-type=\"widget\" data-widget_type=\"heading.default\">\n\t\t\t\t<div class=\"elementor-widget-container\">\n\t\t\t\t\t<h2 class=\"elementor-heading-title elementor-size-default\">Simona Tripkova<\/h2>\t\t\t\t<\/div>\n\t\t\t\t<\/div>\n\t\t\t\t<div class=\"elementor-element elementor-element-84d2aec elementor-widget elementor-widget-heading\" data-id=\"84d2aec\" data-element_type=\"widget\" data-e-type=\"widget\" data-widget_type=\"heading.default\">\n\t\t\t\t<div class=\"elementor-widget-container\">\n\t\t\t\t\t<h2 class=\"elementor-heading-title elementor-size-default\">Kreat\u00edvny riadite\u013e a koordin\u00e1tor promocie<\/h2>\t\t\t\t<\/div>\n\t\t\t\t<\/div>\n\t\t\t\t<div class=\"elementor-element elementor-element-d2a90d0 elementor-widget elementor-widget-text-editor\" data-id=\"d2a90d0\" data-element_type=\"widget\" data-e-type=\"widget\" data-widget_type=\"text-editor.default\">\n\t\t\t\t<div class=\"elementor-widget-container\">\n\t\t\t\t\t\t\t\t\t<p>Magister grafick\u00e9ho dizajnu, kreat\u00edvny \u010darodejn\u00edk a grafick\u00fd guru, ktor\u00fd u\u017e od detstva objavil v sebe umeleck\u00e9 povolanie sprev\u00e1dzan\u00e9 neuhasite\u013enou zvedavos\u0165ou na kreslenie a ma\u013eovanie. S postupom rokov sa st\u00e1va v\u00e1\u0161niv\u00fdm grafick\u00fdm dizajn\u00e9rom s vycibren\u00fdm okom pre detaily, premenou snov na dizajny a transform\u00e1ciou n\u00e1padov na vizu\u00e1lne majstrovsk\u00e9 diela, \u010do sa st\u00e1va neoddelite\u013enou s\u00fa\u010das\u0165ou jej bytia. <\/p><p>M\u00e1 dlhoro\u010dn\u00e9 sk\u00fasenosti v odvetv\u00ed a privilegium spolupracova\u0165 s r\u00f4znymi klientmi na tvorbe pr\u00ed\u0165a\u017eliv\u00fdch vizu\u00e1lnych pr\u00edbehov. Tie\u017e sa venuje kampaniam, ktor\u00e9 maj\u00fa \u0161irok\u00fd \u013eudsk\u00fd rozmer a ve\u013ek\u00fd spolo\u010densk\u00fd v\u00fdznam. <\/p>\t\t\t\t\t\t\t\t<\/div>\n\t\t\t\t<\/div>\n\t\t\t\t<\/div>\n\t\t\t\t\t<\/div>\n\t\t\t\t<\/div>\n\t\t\t\t<\/div>\n\t\t","protected":false},"excerpt":{"rendered":"<p>N\u00e1\u0161 t\u00edm Gere Tripkov Zakladate\u013e a akt\u00edvny predseda zdru\u017eenia EQUALITY, projektov\u00fd mana\u017e\u00e9r projektu ID: CITIZEN Je z\u00e1stupcom pr\u00e1v marginalizovan\u00fdch spolo\u010densk\u00fdch [&hellip;]<\/p>\n","protected":false},"author":1,"featured_media":0,"parent":0,"menu_order":0,"comment_status":"closed","ping_status":"closed","template":"","meta":{"inline_featured_image":false,"site-sidebar-layout":"no-sidebar","site-content-layout":"","ast-site-content-layout":"full-width-container","site-content-style":"default","site-sidebar-style":"default","ast-global-header-display":"","ast-banner-title-visibility":"","ast-main-header-display":"","ast-hfb-above-header-display":"","ast-hfb-below-header-display":"","ast-hfb-mobile-header-display":"","site-post-title":"disabled","ast-breadcrumbs-content":"","ast-featured-img":"disabled","footer-sml-layout":"","theme-transparent-header-meta":"","adv-header-id-meta":"","stick-header-meta":"","header-above-stick-meta":"","header-main-stick-meta":"","header-below-stick-meta":"","astra-migrate-meta-layouts":"default","ast-page-background-enabled":"default","ast-page-background-meta":{"desktop":{"background-color":"var(--ast-global-color-5)","background-image":"","background-repeat":"repeat","background-position":"center center","background-size":"auto","background-attachment":"scroll","background-type":"","background-media":"","overlay-type":"","overlay-color":"","overlay-opacity":"","overlay-gradient":""},"tablet":{"background-color":"","background-image":"","background-repeat":"repeat","background-position":"center center","background-size":"auto","background-attachment":"scroll","background-type":"","background-media":"","overlay-type":"","overlay-color":"","overlay-opacity":"","overlay-gradient":""},"mobile":{"background-color":"","background-image":"","background-repeat":"repeat","background-position":"center center","background-size":"auto","background-attachment":"scroll","background-type":"","background-media":"","overlay-type":"","overlay-color":"","overlay-opacity":"","overlay-gradient":""}},"ast-content-background-meta":{"desktop":{"background-color":"var(--ast-global-color-4)","background-image":"","background-repeat":"repeat","background-position":"center center","background-size":"auto","background-attachment":"scroll","background-type":"","background-media":"","overlay-type":"","overlay-color":"","overlay-opacity":"","overlay-gradient":""},"tablet":{"background-color":"var(--ast-global-color-4)","background-image":"","background-repeat":"repeat","background-position":"center center","background-size":"auto","background-attachment":"scroll","background-type":"","background-media":"","overlay-type":"","overlay-color":"","overlay-opacity":"","overlay-gradient":""},"mobile":{"background-color":"var(--ast-global-color-4)","background-image":"","background-repeat":"repeat","background-position":"center center","background-size":"auto","background-attachment":"scroll","background-type":"","background-media":"","overlay-type":"","overlay-color":"","overlay-opacity":"","overlay-gradient":""}},"footnotes":""},"class_list":["post-603","page","type-page","status-publish","hentry"],"_links":{"self":[{"href":"https:\/\/citizen.equality.agency\/sk\/wp-json\/wp\/v2\/pages\/603","targetHints":{"allow":["GET"]}}],"collection":[{"href":"https:\/\/citizen.equality.agency\/sk\/wp-json\/wp\/v2\/pages"}],"about":[{"href":"https:\/\/citizen.equality.agency\/sk\/wp-json\/wp\/v2\/types\/page"}],"author":[{"embeddable":true,"href":"https:\/\/citizen.equality.agency\/sk\/wp-json\/wp\/v2\/users\/1"}],"replies":[{"embeddable":true,"href":"https:\/\/citizen.equality.agency\/sk\/wp-json\/wp\/v2\/comments?post=603"}],"version-history":[{"count":1,"href":"https:\/\/citizen.equality.agency\/sk\/wp-json\/wp\/v2\/pages\/603\/revisions"}],"predecessor-version":[{"id":608,"href":"https:\/\/citizen.equality.agency\/sk\/wp-json\/wp\/v2\/pages\/603\/revisions\/608"}],"wp:attachment":[{"href":"https:\/\/citizen.equality.agency\/sk\/wp-json\/wp\/v2\/media?parent=603"}],"curies":[{"name":"wp","href":"https:\/\/api.w.org\/{rel}","templated":true}]}}