{"id":544,"date":"2025-05-19T08:58:57","date_gmt":"2025-05-19T08:58:57","guid":{"rendered":"https:\/\/citizen.equality.agency\/glowna\/"},"modified":"2026-02-22T22:43:23","modified_gmt":"2026-02-22T22:43:23","slug":"glowna","status":"publish","type":"page","link":"https:\/\/citizen.equality.agency\/sk\/","title":{"rendered":"Domov"},"content":{"rendered":"\t\t<div data-elementor-type=\"wp-page\" data-elementor-id=\"544\" class=\"elementor elementor-544 elementor-32\" data-elementor-post-type=\"page\">\n\t\t\t\t<div class=\"elementor-element elementor-element-bbf50ad e-flex e-con-boxed e-con e-parent\" data-id=\"bbf50ad\" data-element_type=\"container\" data-e-type=\"container\">\n\t\t\t\t\t<div class=\"e-con-inner\">\n\t\t\t\t<div class=\"elementor-element elementor-element-77f05af elementor--h-position-center elementor--v-position-middle elementor-arrows-position-inside elementor-pagination-position-inside elementor-widget elementor-widget-slides\" data-id=\"77f05af\" data-element_type=\"widget\" data-e-type=\"widget\" data-settings=\"{&quot;navigation&quot;:&quot;both&quot;,&quot;autoplay&quot;:&quot;yes&quot;,&quot;pause_on_hover&quot;:&quot;yes&quot;,&quot;pause_on_interaction&quot;:&quot;yes&quot;,&quot;autoplay_speed&quot;:5000,&quot;infinite&quot;:&quot;yes&quot;,&quot;transition&quot;:&quot;slide&quot;,&quot;transition_speed&quot;:500}\" data-widget_type=\"slides.default\">\n\t\t\t\t<div class=\"elementor-widget-container\">\n\t\t\t\t\t\t\t\t\t<div class=\"elementor-swiper\">\r\n\t\t\t\t\t<div class=\"elementor-slides-wrapper elementor-main-swiper swiper\" role=\"region\" aria-roledescription=\"carousel\" aria-label=\"Slides\" dir=\"ltr\" data-animation=\"fadeInUp\">\r\n\t\t\t\t<div class=\"swiper-wrapper elementor-slides\">\r\n\t\t\t\t\t\t\t\t\t\t<div class=\"elementor-repeater-item-1d92f6b swiper-slide\" role=\"group\" aria-roledescription=\"slide\"><div class=\"swiper-slide-bg elementor-ken-burns elementor-ken-burns--in\" role=\"img\" aria-label=\"Slovakia_Introduce_Digital_accessibility_priority_SVK\"><\/div><div class=\"elementor-background-overlay\"><\/div><a class=\"swiper-slide-inner\" href=\"https:\/\/citizen.equality.agency\/sk\/pripad-3-id-slovensko-zavadza-digitalnu-pristupnost-ako-zakonnu-povinnost\/\"><div class=\"swiper-slide-contents\"><div class=\"elementor-slide-heading\">PR\u00cdPAD 3\u00b0: SLOVENSKO ZAV\u00c1DZA DIGIT\u00c1LNU PR\u00cdSTUPNOS\u0164 AKO Z\u00c1KONN\u00da POVINNOS\u0164<\/div><div class=\"elementor-slide-description\"><p>Od j\u00fana 2025 zaviedlo Slovensko digit\u00e1lnu pr\u00edstupnos\u0165 ako z\u00e1konn\u00fa povinnos\u0165, \u010do prinieslo v\u00fdznamn\u00fd posun vo verejn\u00fdch in\u0161tit\u00faci\u00e1ch.<\/p>\n<\/div><div  class=\"elementor-button elementor-slide-button elementor-size-sm\">\u010c\u00edtaj viac<\/div><\/div><\/a><\/div><div class=\"elementor-repeater-item-77dee9c swiper-slide\" role=\"group\" aria-roledescription=\"slide\"><div class=\"swiper-slide-bg elementor-ken-burns elementor-ken-burns--in\" role=\"img\" aria-label=\"_Polska_Case 2_Acessibility in Public Spaes_SVK\"><\/div><div class=\"elementor-background-overlay\"><\/div><a class=\"swiper-slide-inner\" href=\"https:\/\/citizen.equality.agency\/sk\/pripad-1-idcitizen-polsko-prinasa-dostojnu-starostlivost-a-pristupnost-do-verejnych-priestorov\/\"><div class=\"swiper-slide-contents\"><div class=\"elementor-slide-heading\">PR\u00cdPAD 2\u00b0: PO\u013dSKO PRIN\u00c1\u0160A D\u00d4STOJN\u00da STAROSTLIVOS\u0164 A PR\u00cdSTUPNOS\u0164 DO VEREJN\u00ddCH PRIESTOROV.<\/div><div class=\"elementor-slide-description\"><p>Medzin\u00e1rodn\u00e1 kampa\u0148 ID:CITIZEN si kladie za cie\u013e propagova\u0165 pozit\u00edvne pr\u00edklady zlep\u0161ovania dostupnosti a inkl\u00fazie \u013eud\u00ed so zdravotn\u00fdm postihnut\u00edm v kult\u00fare, vzdel\u00e1van\u00ed a verejn\u00fdch priestoroch naprie\u010d \ud83c\uddf2\ud83c\uddf0\ud83c\udded\ud83c\uddfa\ud83c\uddf5\ud83c\uddf1\ud83c\uddf8\ud83c\uddf0.<\/p>\n<\/div><div  class=\"elementor-button elementor-slide-button elementor-size-sm\">\u010c\u00edtaj viac<\/div><\/div><\/a><\/div><div class=\"elementor-repeater-item-8f56a42 swiper-slide\" role=\"group\" aria-roledescription=\"slide\"><div class=\"swiper-slide-bg elementor-ken-burns elementor-ken-burns--in\" role=\"img\" aria-label=\"_Budimpeshta-17\"><\/div><div class=\"elementor-background-overlay\"><\/div><a class=\"swiper-slide-inner\" href=\"https:\/\/citizen.equality.agency\/sk\/kampan-idobcan-ako-sa-trasa-m3-v-budapesti-stala-bezbarierovou\/\"><div class=\"swiper-slide-contents\"><div class=\"elementor-slide-heading\">PR\u00cdPAD 1\u00b0: AKO SA LINKA METRO M3 STALA BEZBARI\u00c9ROVOU?<\/div><div class=\"elementor-slide-description\"><p>Medzin\u00e1rodn\u00e1 kampa\u0148 ID:CITIZEN si kladie za cie\u013e propagova\u0165 pozit\u00edvne pr\u00edklady zlep\u0161ovania dostupnosti a inkl\u00fazie \u013eud\u00ed so zdravotn\u00fdm postihnut\u00edm v kult\u00fare, vzdel\u00e1van\u00ed a verejn\u00fdch priestoroch naprie\u010d \ud83c\uddf2\ud83c\uddf0\ud83c\udded\ud83c\uddfa\ud83c\uddf5\ud83c\uddf1\ud83c\uddf8\ud83c\uddf0.<\/p>\n<\/div><div  class=\"elementor-button elementor-slide-button elementor-size-sm\">\u010c\u00edtaj viac<\/div><\/div><\/a><\/div><div class=\"elementor-repeater-item-5ec389a swiper-slide\" role=\"group\" aria-roledescription=\"slide\"><div class=\"swiper-slide-bg elementor-ken-burns elementor-ken-burns--in\" role=\"img\" aria-label=\"IMG_1243\"><\/div><div class=\"elementor-background-overlay\"><\/div><a class=\"swiper-slide-inner\" href=\"https:\/\/citizen.equality.agency\/sk\/spolocne-vizie-pre-bezbarierove-mestske-prostredie-uspesna-studijna-navsteva-bratislavy\/\"><div class=\"swiper-slide-contents\"><div class=\"elementor-slide-heading\">Spolo\u010dn\u00e9 v\u00edzie pre bezbari\u00e9rov\u00e9 \u200b\u200bmestsk\u00e9 prostredie \u2013 \u00faspe\u0161n\u00e1 \u0161tudijn\u00e1 n\u00e1v\u0161teva Bratislavy<\/div><div class=\"elementor-slide-description\"><p>Od 10. do 14. septembra sa v Bratislave na Slovensku uskuto\u010dnila druh\u00e1 n\u00e1v\u0161teva v r\u00e1mci projektu ID: OB\u010cAN. T\u00fdmto sa \u00faspe\u0161ne zav\u0155\u0161ila prv\u00e1 f\u00e1za projektu, ktor\u00e1 zah\u0155\u0148ala dve n\u00e1v\u0161tevy zameran\u00e9 na presk\u00famanie osved\u010den\u00fdch postupov v oblasti dostupnosti a inkluz\u00edvneho mestsk\u00e9ho pl\u00e1novania v Po\u013esku a na Slovensku. N\u00e1v\u0161teva sa uskuto\u010dnila v partnerstve s Nad\u00e1ciou pre integr\u00e1ciu (Po\u013esko), Asoci\u00e1ciou Tenenet (Slovensko) a organiz\u00e1ciou Hand in Hand (Ma\u010farsko) s podporou Medzin\u00e1rodn\u00e9ho vy\u0161ehradsk\u00e9ho fondu. <\/p>\n<\/div><div  class=\"elementor-button elementor-slide-button elementor-size-sm\">\u010c\u00edtaj viac<\/div><\/div><\/a><\/div><div class=\"elementor-repeater-item-c257b1a swiper-slide\" role=\"group\" aria-roledescription=\"slide\"><div class=\"swiper-slide-bg elementor-ken-burns elementor-ken-burns--in\" role=\"img\" aria-label=\"_Povik Bratislava-12\"><\/div><div class=\"elementor-background-overlay\"><\/div><a class=\"swiper-slide-inner\" href=\"https:\/\/citizen.equality.agency\/sk\/zaproszenie-publiczne-wez-udzial-w-drugiej-wizycie-studyjnej-projektu-id-citizen-w-bratyslawie-na-slowacji\/\"><div class=\"swiper-slide-contents\"><div class=\"elementor-slide-heading\">Verejn\u00e1 v\u00fdzva: Pripojte sa k druhej \u0161tudijnej n\u00e1v\u0161teve projektu ID: OB\u010cAN v Bratislave na Slovensku!<\/div><div class=\"elementor-slide-description\"><p>Z\u00fa\u010dastnite sa druhej \u0161tudijnej n\u00e1v\u0161tevy projektu ID:OB\u010cAN v Bratislave na Slovensku!<\/p>\n<\/div><div  class=\"elementor-button elementor-slide-button elementor-size-sm\">\u010c\u00edtaj viac<\/div><\/div><\/a><\/div><div class=\"elementor-repeater-item-bb7a4d5 swiper-slide\" role=\"group\" aria-roledescription=\"slide\"><div class=\"swiper-slide-bg elementor-ken-burns elementor-ken-burns--in\" role=\"img\" aria-label=\"_Otpochnuvanje kampanja web-14\"><\/div><div class=\"elementor-background-overlay\"><\/div><a class=\"swiper-slide-inner\" href=\"https:\/\/citizen.equality.agency\/sk\/%f0%9f%9a%80-megjunarodna-kampanja-idcitizen\/\"><div class=\"swiper-slide-contents\"><div class=\"elementor-slide-heading\">\ud83d\ude80 \u041c\u0415\u0403\u0423\u041d\u0410\u0420\u041e\u0414\u041d\u0410 \u041a\u0410\u041c\u041f\u0410\u040a\u0410 ID:CITIZEN!<\/div><div class=\"elementor-slide-description\"><p> V r\u00e1mci projektu ID:OB\u010cAN sp\u00fa\u0161\u0165ame medzin\u00e1rodn\u00fa soci\u00e1lnu kampa\u0148 na podporu pr\u00edstupnosti a inkl\u00fazie v kult\u00fare, vzdel\u00e1van\u00ed a verejn\u00fdch priestoroch v \ud83c\uddf2\ud83c\uddf0\ud83c\udded\ud83c\uddfa\ud83c\uddf5\ud83c\uddf1\ud83c\uddf8\ud83c\uddf0. <\/p>\n<\/div><div  class=\"elementor-button elementor-slide-button elementor-size-sm\">\u010c\u00edtaj viac<\/div><\/div><\/a><\/div><div class=\"elementor-repeater-item-a45dbdb swiper-slide\" role=\"group\" aria-roledescription=\"slide\"><div class=\"swiper-slide-bg elementor-ken-burns elementor-ken-burns--in\" role=\"img\" aria-label=\"8\"><\/div><div class=\"elementor-background-overlay\"><\/div><a class=\"swiper-slide-inner\" href=\"https:\/\/citizen.equality.agency\/sk\/kazdy-ma-pravo-tvorit-si-buducnost-uspesna-studijna-navsteva-varsavy\/\"><div class=\"swiper-slide-contents\"><div class=\"elementor-slide-heading\">Ka\u017ed\u00fd m\u00e1 pr\u00e1vo tvori\u0165 si bud\u00facnos\u0165 \u2013 \u00faspe\u0161n\u00e1 \u0161tudijn\u00e1 n\u00e1v\u0161teva Var\u0161avy<\/div><div class=\"elementor-slide-description\"><p>Od 1. do 5. septembra sa vo Var\u0161ave v Po\u013esku uskuto\u010dnila prv\u00e1 z dvoch n\u00e1v\u0161tev v r\u00e1mci projektu ID: OB\u010cAN. T\u00fdmto sa zav\u0155\u0161ila prv\u00e1 f\u00e1za projektu, ktor\u00e1 sa zameriavala na sk\u00famanie pozit\u00edvnych pr\u00edkladov v oblasti dostupnosti a inkluz\u00edvneho mestsk\u00e9ho pl\u00e1novania v hlavnom meste Po\u013eska. N\u00e1v\u0161teva sa uskuto\u010dnila v partnerstve s Nad\u00e1ciou pre integr\u00e1ciu (Po\u013esko), Zdru\u017een\u00edm Tenenet (Slovensko) a Organiz\u00e1ciou Hand in Hand (Ma\u010farsko) s podporou Medzin\u00e1rodn\u00e9ho vy\u0161ehradsk\u00e9ho fondu.  <\/p>\n<\/div><div  class=\"elementor-button elementor-slide-button elementor-size-sm\">\u010c\u00edtaj viac<\/div><\/div><\/a><\/div><div class=\"elementor-repeater-item-65a412d swiper-slide\" role=\"group\" aria-roledescription=\"slide\"><div class=\"swiper-slide-bg elementor-ken-burns elementor-ken-burns--in\" role=\"img\" aria-label=\"_Studiska poseta 1 Warsaw-06\"><\/div><div class=\"elementor-background-overlay\"><\/div><a class=\"swiper-slide-inner\" href=\"https:\/\/citizen.equality.agency\/sk\/obcan-v-centre-dolezitosti-polske-skusenosti-s-inkluzivnym-mestskym-planovanim\/\"><div class=\"swiper-slide-contents\"><div class=\"elementor-slide-heading\">OB\u010cAN V CENTRE D\u00d4LE\u017dITOSTI \u2013 Po\u013esk\u00e9 sk\u00fasenosti s inkluz\u00edvnym mestsk\u00fdm pl\u00e1novan\u00edm<\/div><div class=\"elementor-slide-description\"><p>Prv\u00e1 \u0161tudijn\u00e1 n\u00e1v\u0161teva \u00favodnej f\u00e1zy projektu ID:OB\u010cAN sa uskuto\u010dn\u00ed vo Var\u0161ave v Po\u013esku od 1. do 5. septembra 2025. Ide o prv\u00fa z dvoch pl\u00e1novan\u00fdch n\u00e1v\u0161tev miest Var\u0161ava a Bratislava, ktor\u00e9 sa zameraj\u00fa na inovat\u00edvne postupy v oblastiach bezbari\u00e9rovosti, inkluz\u00edvneho urbanistick\u00e9ho pl\u00e1novania a kult\u00farnej \u00fa\u010dasti \u013eud\u00ed so zdravotn\u00fdm postihnut\u00edm. <\/p>\n<\/div><div  class=\"elementor-button elementor-slide-button elementor-size-sm\">\u010c\u00edtaj viac<\/div><\/div><\/a><\/div><div class=\"elementor-repeater-item-485b49b swiper-slide\" role=\"group\" aria-roledescription=\"slide\"><div class=\"swiper-slide-bg elementor-ken-burns elementor-ken-burns--in\" role=\"img\" aria-label=\"_Call Warsaw web-mkd\"><\/div><div class=\"elementor-background-overlay\"><\/div><a class=\"swiper-slide-inner\" href=\"https:\/\/citizen.equality.agency\/1-study-visit-warsaw\/\"><div class=\"swiper-slide-contents\"><div class=\"elementor-slide-heading\">Otvoren\u00e1 v\u00fdzva: Z\u00fa\u010dastnite sa prvej \u0161tudijnej n\u00e1v\u0161tevy v r\u00e1mci projektu ID: CITIZEN vo Var\u0161ave!<\/div><div class=\"elementor-slide-description\"><p>Pridajte sa k prvej \u0161tudijnej n\u00e1v\u0161teve projektu ID: CITIZEN vo Var\u0161ave v Po\u013esku!<\/p>\n<\/div><div  class=\"elementor-button elementor-slide-button elementor-size-sm\">\u010c\u00edtaj viac<\/div><\/div><\/a><\/div><div class=\"elementor-repeater-item-74c2a37 swiper-slide\" role=\"group\" aria-roledescription=\"slide\"><div class=\"swiper-slide-bg elementor-ken-burns elementor-ken-burns--in\" role=\"img\" aria-label=\"Logo CitiZen\"><\/div><div class=\"elementor-background-overlay\"><\/div><a class=\"swiper-slide-inner\" href=\"https:\/\/citizen.equality.agency\/sk\/start-projektu-id-citizen-riesenie-vyziev-v-oblasti-pristupnosti\/\"><div class=\"swiper-slide-contents\"><div class=\"elementor-slide-heading\">Medzin\u00e1rodn\u00fd projekt \u201eID: CITIZEN \u2013 Rie\u0161enie v\u00fdziev v oblasti pr\u00edstupnosti\u201c<\/div><div class=\"elementor-slide-description\"><p>Medzin\u00e1rodn\u00fd projekt \u201eID: CITIZEN \u2013 Rie\u0161enie v\u00fdziev v oblasti pr\u00edstupnosti\u201c sp\u00e1ja Severn\u00fa Maced\u00f3nsku, Po\u013esko, Ma\u010farsko a Slovensko s cie\u013eom podpori\u0165 pr\u00edstupnos\u0165, inkl\u00faziu a posilnenie postavenia os\u00f4b so zdravotn\u00fdm postihnut\u00edm (OZP) prostredn\u00edctvom zmien v politike, zvy\u0161ovania povedomia a in\u0161titucion\u00e1lnych reforiem.<\/p>\n<\/div><div  class=\"elementor-button elementor-slide-button elementor-size-sm\">\u010c\u00edtaj viac<\/div><\/div><\/a><\/div>\t\t\t\t<\/div>\r\n\t\t\t\t\t\t\t\t\t\t\t\t\t\t\t<div class=\"elementor-swiper-button elementor-swiper-button-prev\" role=\"button\" tabindex=\"0\" aria-label=\"Previous slide\">\r\n\t\t\t\t\t\t\t<svg aria-hidden=\"true\" class=\"e-font-icon-svg e-eicon-chevron-left\" viewBox=\"0 0 1000 1000\" xmlns=\"http:\/\/www.w3.org\/2000\/svg\"><path d=\"M646 125C629 125 613 133 604 142L308 442C296 454 292 471 292 487 292 504 296 521 308 533L604 854C617 867 629 875 646 875 663 875 679 871 692 858 704 846 713 829 713 812 713 796 708 779 692 767L438 487 692 225C700 217 708 204 708 187 708 171 704 154 692 142 675 129 663 125 646 125Z\"><\/path><\/svg>\t\t\t\t\t\t<\/div>\r\n\t\t\t\t\t\t<div class=\"elementor-swiper-button elementor-swiper-button-next\" role=\"button\" tabindex=\"0\" aria-label=\"Next slide\">\r\n\t\t\t\t\t\t\t<svg aria-hidden=\"true\" class=\"e-font-icon-svg e-eicon-chevron-right\" viewBox=\"0 0 1000 1000\" xmlns=\"http:\/\/www.w3.org\/2000\/svg\"><path d=\"M696 533C708 521 713 504 713 487 713 471 708 454 696 446L400 146C388 133 375 125 354 125 338 125 325 129 313 142 300 154 292 171 292 187 292 204 296 221 308 233L563 492 304 771C292 783 288 800 288 817 288 833 296 850 308 863 321 871 338 875 354 875 371 875 388 867 400 854L696 533Z\"><\/path><\/svg>\t\t\t\t\t\t<\/div>\r\n\t\t\t\t\t\t\t\t\t\t\t\t\t\t\t\t<div class=\"swiper-pagination\"><\/div>\r\n\t\t\t\t\t\t\t\t\t\t\t\t<\/div>\r\n\t\t\t\t<\/div>\r\n\t\t\t\t\t\t\t\t<\/div>\n\t\t\t\t<\/div>\n\t\t\t\t\t<\/div>\n\t\t\t\t<\/div>\n\t\t<div class=\"elementor-element elementor-element-67e7d67 e-flex e-con-boxed e-con e-parent\" data-id=\"67e7d67\" data-element_type=\"container\" data-e-type=\"container\">\n\t\t\t\t\t<div class=\"e-con-inner\">\n\t\t\t\t\t<\/div>\n\t\t\t\t<\/div>\n\t\t\t\t<\/div>\n\t\t","protected":false},"excerpt":{"rendered":"<p>PR\u00cdPAD 3\u00b0: SLOVENSKO ZAV\u00c1DZA DIGIT\u00c1LNU PR\u00cdSTUPNOS\u0164 AKO Z\u00c1KONN\u00da POVINNOS\u0164 Od j\u00fana 2025 zaviedlo Slovensko digit\u00e1lnu pr\u00edstupnos\u0165 ako z\u00e1konn\u00fa povinnos\u0165, \u010do [&hellip;]<\/p>\n","protected":false},"author":1,"featured_media":0,"parent":0,"menu_order":0,"comment_status":"closed","ping_status":"closed","template":"","meta":{"inline_featured_image":false,"site-sidebar-layout":"no-sidebar","site-content-layout":"","ast-site-content-layout":"full-width-container","site-content-style":"default","site-sidebar-style":"default","ast-global-header-display":"","ast-banner-title-visibility":"","ast-main-header-display":"","ast-hfb-above-header-display":"","ast-hfb-below-header-display":"","ast-hfb-mobile-header-display":"","site-post-title":"disabled","ast-breadcrumbs-content":"","ast-featured-img":"disabled","footer-sml-layout":"","theme-transparent-header-meta":"","adv-header-id-meta":"","stick-header-meta":"","header-above-stick-meta":"","header-main-stick-meta":"","header-below-stick-meta":"","astra-migrate-meta-layouts":"default","ast-page-background-enabled":"default","ast-page-background-meta":{"desktop":{"background-color":"var(--ast-global-color-5)","background-image":"","background-repeat":"repeat","background-position":"center center","background-size":"auto","background-attachment":"scroll","background-type":"","background-media":"","overlay-type":"","overlay-color":"","overlay-opacity":"","overlay-gradient":""},"tablet":{"background-color":"","background-image":"","background-repeat":"repeat","background-position":"center center","background-size":"auto","background-attachment":"scroll","background-type":"","background-media":"","overlay-type":"","overlay-color":"","overlay-opacity":"","overlay-gradient":""},"mobile":{"background-color":"","background-image":"","background-repeat":"repeat","background-position":"center center","background-size":"auto","background-attachment":"scroll","background-type":"","background-media":"","overlay-type":"","overlay-color":"","overlay-opacity":"","overlay-gradient":""}},"ast-content-background-meta":{"desktop":{"background-color":"var(--ast-global-color-4)","background-image":"","background-repeat":"repeat","background-position":"center center","background-size":"auto","background-attachment":"scroll","background-type":"","background-media":"","overlay-type":"","overlay-color":"","overlay-opacity":"","overlay-gradient":""},"tablet":{"background-color":"var(--ast-global-color-4)","background-image":"","background-repeat":"repeat","background-position":"center center","background-size":"auto","background-attachment":"scroll","background-type":"","background-media":"","overlay-type":"","overlay-color":"","overlay-opacity":"","overlay-gradient":""},"mobile":{"background-color":"var(--ast-global-color-4)","background-image":"","background-repeat":"repeat","background-position":"center center","background-size":"auto","background-attachment":"scroll","background-type":"","background-media":"","overlay-type":"","overlay-color":"","overlay-opacity":"","overlay-gradient":""}},"footnotes":""},"class_list":["post-544","page","type-page","status-publish","hentry"],"_links":{"self":[{"href":"https:\/\/citizen.equality.agency\/sk\/wp-json\/wp\/v2\/pages\/544","targetHints":{"allow":["GET"]}}],"collection":[{"href":"https:\/\/citizen.equality.agency\/sk\/wp-json\/wp\/v2\/pages"}],"about":[{"href":"https:\/\/citizen.equality.agency\/sk\/wp-json\/wp\/v2\/types\/page"}],"author":[{"embeddable":true,"href":"https:\/\/citizen.equality.agency\/sk\/wp-json\/wp\/v2\/users\/1"}],"replies":[{"embeddable":true,"href":"https:\/\/citizen.equality.agency\/sk\/wp-json\/wp\/v2\/comments?post=544"}],"version-history":[{"count":20,"href":"https:\/\/citizen.equality.agency\/sk\/wp-json\/wp\/v2\/pages\/544\/revisions"}],"predecessor-version":[{"id":1495,"href":"https:\/\/citizen.equality.agency\/sk\/wp-json\/wp\/v2\/pages\/544\/revisions\/1495"}],"wp:attachment":[{"href":"https:\/\/citizen.equality.agency\/sk\/wp-json\/wp\/v2\/media?parent=544"}],"curies":[{"name":"wp","href":"https:\/\/api.w.org\/{rel}","templated":true}]}}