{"id":547,"date":"2025-05-19T08:58:57","date_gmt":"2025-05-19T08:58:57","guid":{"rendered":"https:\/\/citizen.equality.agency\/glowna\/"},"modified":"2026-04-20T14:45:46","modified_gmt":"2026-04-20T14:45:46","slug":"glowna","status":"publish","type":"page","link":"https:\/\/citizen.equality.agency\/pl\/","title":{"rendered":"G\u0142\u00f3wna"},"content":{"rendered":"\t\t<div data-elementor-type=\"wp-page\" data-elementor-id=\"547\" class=\"elementor elementor-547 elementor-32\" data-elementor-post-type=\"page\">\n\t\t\t\t<div class=\"elementor-element elementor-element-bbf50ad e-flex e-con-boxed e-con e-parent\" data-id=\"bbf50ad\" data-element_type=\"container\" data-e-type=\"container\">\n\t\t\t\t\t<div class=\"e-con-inner\">\n\t\t\t\t<div class=\"elementor-element elementor-element-77f05af elementor--h-position-center elementor--v-position-middle elementor-arrows-position-inside elementor-pagination-position-inside elementor-widget elementor-widget-slides\" data-id=\"77f05af\" data-element_type=\"widget\" data-e-type=\"widget\" data-settings=\"{&quot;navigation&quot;:&quot;both&quot;,&quot;autoplay&quot;:&quot;yes&quot;,&quot;pause_on_hover&quot;:&quot;yes&quot;,&quot;pause_on_interaction&quot;:&quot;yes&quot;,&quot;autoplay_speed&quot;:5000,&quot;infinite&quot;:&quot;yes&quot;,&quot;transition&quot;:&quot;slide&quot;,&quot;transition_speed&quot;:500}\" data-widget_type=\"slides.default\">\n\t\t\t\t<div class=\"elementor-widget-container\">\n\t\t\t\t\t\t\t\t\t<div class=\"elementor-swiper\">\r\n\t\t\t\t\t<div class=\"elementor-slides-wrapper elementor-main-swiper swiper\" role=\"region\" aria-roledescription=\"carousel\" aria-label=\"Slides\" dir=\"ltr\" data-animation=\"fadeInUp\">\r\n\t\t\t\t<div class=\"swiper-wrapper elementor-slides\">\r\n\t\t\t\t\t\t\t\t\t\t<div class=\"elementor-repeater-item-1d92f6b swiper-slide\" role=\"group\" aria-roledescription=\"slide\"><div class=\"swiper-slide-bg elementor-ken-burns elementor-ken-burns--in\" role=\"img\" aria-label=\"macedonia-when-lobbying-is-needed-for-accessibility-pol\"><\/div><div class=\"elementor-background-overlay\"><\/div><a class=\"swiper-slide-inner\" href=\"https:\/\/citizen.equality.agency\/pl\/przypadek-4-idcitizen-kiedy-dostep-do-edukacji-zalezy-od-lobbingu\/\"><div class=\"swiper-slide-contents\"><div class=\"elementor-slide-heading\"> PRZYPADEK 4\u00b0: KIEDY DOST\u0118P DO EDUKACJI ZALE\u017bY OD LOBBINGU?<\/div><div class=\"elementor-slide-description\">Studentka - osoba z niepe\u0142nosprawno\u015bci\u0105, korzystaj\u0105ca z elektrycznego w\u00f3zka inwalidzkiego - napotka\u0142a powa\u017cne bariery w dost\u0119pie fizycznym w prywatnej uczelni w Macedonii. Mimo pr\u00f3b uzyskania wsparcia, ze strony instytucji nie by\u0142o reakcji.<\/div><div  class=\"elementor-button elementor-slide-button elementor-size-sm\">Przeczytaj wi\u0119cej<\/div><\/div><\/a><\/div><div class=\"elementor-repeater-item-b0ffebf swiper-slide\" role=\"group\" aria-roledescription=\"slide\"><div class=\"swiper-slide-bg elementor-ken-burns elementor-ken-burns--in\" role=\"img\" aria-label=\"Slovakia_Introduce_Digital_accessibility_priority_PL\"><\/div><div class=\"elementor-background-overlay\"><\/div><a class=\"swiper-slide-inner\" href=\"https:\/\/citizen.equality.agency\/pl\/przypadek-3-id-slowacja-wprowadza-dostepnosc-cyfrowa-jako-obowiazek-prawny\/\"><div class=\"swiper-slide-contents\"><div class=\"elementor-slide-heading\"> PRZYPADEK 3\u00b0: S\u0141OWACJA WPROWADZA DOST\u0118PNO\u015a\u0106 CYFROW\u0104 JAKO OBOWI\u0104ZEK PRAWNY<\/div><div class=\"elementor-slide-description\"><p>Pocz\u0105wszy od czerwca 2025 r. S\u0142owacja wprowadzi\u0142a dost\u0119pno\u015b\u0107 cyfrow\u0105 jako obowi\u0105zek prawny, co przynios\u0142o istotn\u0105 zmian\u0119 w instytucjach publicznych.<\/p>\n<\/div><div  class=\"elementor-button elementor-slide-button elementor-size-sm\">Przeczytaj wi\u0119cej<\/div><\/div><\/a><\/div><div class=\"elementor-repeater-item-eecbc3c swiper-slide\" role=\"group\" aria-roledescription=\"slide\"><div class=\"swiper-slide-bg elementor-ken-burns elementor-ken-burns--in\" role=\"img\" aria-label=\"_Polska_Case 2_Acessibility in Public Spaes_POL\"><\/div><div class=\"elementor-background-overlay\"><\/div><a class=\"swiper-slide-inner\" href=\"https:\/\/citizen.equality.agency\/pl\/przypadek-2-idcitizen-polska-zapewnia-godna-opieke-i-dostepnosc-w-obiektach-uzytecznosci-publicznej\/\"><div class=\"swiper-slide-contents\"><div class=\"elementor-slide-heading\">PRZYPADEK 2\u00b0 : POLSKA ZAPEWNIA GODN\u0104 OPIEK\u0118 I DOST\u0118PNO\u015a\u0106 W OBIEKTACH U\u017bYTECZNO\u015aCI PUBLICZNEJ.<\/div><div class=\"elementor-slide-description\"><p>Mi\u0119dzynarodowa kampania ID:CITIZEN ma na celu promowanie pozytywnych przyk\u0142ad\u00f3w poprawy dost\u0119pno\u015bci i integracji os\u00f3b niepe\u0142nosprawnych w kulturze, edukacji i przestrzeni publicznej w ca\u0142ym \ud83c\uddf2\ud83c\uddf0\ud83c\udded\ud83c\uddfa\ud83c\uddf5\ud83c\uddf1\ud83c\uddf8\ud83c\uddf0<\/p>\n<\/div><div  class=\"elementor-button elementor-slide-button elementor-size-sm\">Przeczytaj wi\u0119cej<\/div><\/div><\/a><\/div><div class=\"elementor-repeater-item-8f56a42 swiper-slide\" role=\"group\" aria-roledescription=\"slide\"><div class=\"swiper-slide-bg elementor-ken-burns elementor-ken-burns--in\" role=\"img\" aria-label=\"_Budimpeshta-16\"><\/div><div class=\"elementor-background-overlay\"><\/div><a class=\"swiper-slide-inner\" href=\"https:\/\/citizen.equality.agency\/pl\/kampania-idcitizen-jak-linia-m3-w-budapeszcie-stala-sie-dostepna\/\"><div class=\"swiper-slide-contents\"><div class=\"elementor-slide-heading\">PRZYPADEK 1\u00b0 METRO W BUDAPESZCIE JAK LINIA METRA M3 STA\u0141A SI\u0118 DOST\u0118PNA?<\/div><div class=\"elementor-slide-description\"><p>Mi\u0119dzynarodowa kampania ID:CITIZEN ma na celu promowanie pozytywnych przyk\u0142ad\u00f3w poprawy dost\u0119pno\u015bci i integracji os\u00f3b niepe\u0142nosprawnych w kulturze, edukacji i przestrzeni publicznej w ca\u0142ym \ud83c\uddf2\ud83c\uddf0\ud83c\udded\ud83c\uddfa\ud83c\uddf5\ud83c\uddf1\ud83c\uddf8\ud83c\uddf0<\/p>\n<\/div><div  class=\"elementor-button elementor-slide-button elementor-size-sm\">Przeczytaj wi\u0119cej<\/div><\/div><\/a><\/div><div class=\"elementor-repeater-item-5ec389a swiper-slide\" role=\"group\" aria-roledescription=\"slide\"><div class=\"swiper-slide-bg elementor-ken-burns elementor-ken-burns--in\" role=\"img\" aria-label=\"IMG_1243\"><\/div><div class=\"elementor-background-overlay\"><\/div><a class=\"swiper-slide-inner\" href=\"https:\/\/citizen.equality.agency\/pl\/wspolne-wizje-dostepnych-srodowisk-miejskich-udana-wizyta-studyjna-w-bratyslawie\/\"><div class=\"swiper-slide-contents\"><div class=\"elementor-slide-heading\">Wsp\u00f3lne wizje dost\u0119pnych \u015brodowisk miejskich \u2013 udana wizyta studyjna w Bratys\u0142awie<\/div><div class=\"elementor-slide-description\"><p>W dniach od 10 do 14 wrze\u015bnia w Bratys\u0142awie na S\u0142owacji odby\u0142a si\u0119 druga wizyta w ramach projektu ID:CITIZEN. W ten spos\u00f3b pomy\u015blnie zako\u0144czono pierwszy etap projektu, kt\u00f3ry obejmowa\u0142 dwie wizyty maj\u0105ce na celu zbadanie dobrych praktyk w zakresie dost\u0119pno\u015bci i inkluzywnego planowania urbanistycznego w Polsce i na S\u0142owacji. Wizyta zosta\u0142a zrealizowana we wsp\u00f3\u0142pracy z Fundacj\u0105 Integracja (Polska), Stowarzyszeniem Tenenet (S\u0142owacja) oraz organizacj\u0105 Hand in Hand (W\u0119gry), przy wsparciu Mi\u0119dzynarodowego Funduszu Wyszehradzkiego. <\/p>\n<\/div><div  class=\"elementor-button elementor-slide-button elementor-size-sm\">Przeczytaj wi\u0119cej<\/div><\/div><\/a><\/div><div class=\"elementor-repeater-item-c257b1a swiper-slide\" role=\"group\" aria-roledescription=\"slide\"><div class=\"swiper-slide-bg elementor-ken-burns elementor-ken-burns--in\" role=\"img\" aria-label=\"_Povik Bratislava-12\"><\/div><div class=\"elementor-background-overlay\"><\/div><a class=\"swiper-slide-inner\" href=\"https:\/\/citizen.equality.agency\/pl\/zaproszenie-publiczne-wez-udzial-w-drugiej-wizycie-studyjnej-projektu-id-citizen-w-bratyslawie-na-slowacji\/\"><div class=\"swiper-slide-contents\"><div class=\"elementor-slide-heading\">Zaproszenie publiczne: We\u017a udzia\u0142 w drugiej wizycie studyjnej projektu ID: CITIZEN w Bratys\u0142awie na S\u0142owacji!<\/div><div class=\"elementor-slide-description\"><p>We\u017a udzia\u0142 w drugiej wizycie studyjnej projektu ID:CITIZEN w Bratys\u0142awie na S\u0142owacji!<\/p>\n<\/div><div  class=\"elementor-button elementor-slide-button elementor-size-sm\">Przeczytaj wi\u0119cej<\/div><\/div><\/a><\/div><div class=\"elementor-repeater-item-bb7a4d5 swiper-slide\" role=\"group\" aria-roledescription=\"slide\"><div class=\"swiper-slide-bg elementor-ken-burns elementor-ken-burns--in\" role=\"img\" aria-label=\"_Otpochnuvanje kampanja web-14\"><\/div><div class=\"elementor-background-overlay\"><\/div><a class=\"swiper-slide-inner\" href=\"https:\/\/citizen.equality.agency\/pl\/%f0%9f%9a%80-miedzynarodowa-kampania-idcitizen\/\"><div class=\"swiper-slide-contents\"><div class=\"elementor-slide-heading\">\ud83d\ude80 MI\u0118DZYNARODOWA KAMPANIA ID:CITIZEN!<\/div><div class=\"elementor-slide-description\"><p> W ramach projektu ID:CITIZEN rozpoczynamy mi\u0119dzynarodow\u0105 kampani\u0119 spo\u0142eczn\u0105 maj\u0105c\u0105 na celu promowanie dost\u0119pno\u015bci i inkluzywno\u015bci w kulturze, edukacji i przestrzeniach publicznych w \ud83c\uddf2\ud83c\uddf0\ud83c\udded\ud83c\uddfa\ud83c\uddf5\ud83c\uddf1\ud83c\uddf8\ud83c\uddf0. <\/p>\n<\/div><div  class=\"elementor-button elementor-slide-button elementor-size-sm\">Przeczytaj wi\u0119cej<\/div><\/div><\/a><\/div><div class=\"elementor-repeater-item-a45dbdb swiper-slide\" role=\"group\" aria-roledescription=\"slide\"><div class=\"swiper-slide-bg elementor-ken-burns elementor-ken-burns--in\" role=\"img\" aria-label=\"8\"><\/div><div class=\"elementor-background-overlay\"><\/div><a class=\"swiper-slide-inner\" href=\"https:\/\/citizen.equality.agency\/pl\/kazdy-ma-prawo-tworzyc-przyszlosc-udana-wizyta-studyjna-w-warszawie\/\"><div class=\"swiper-slide-contents\"><div class=\"elementor-slide-heading\">Ka\u017cdy ma prawo tworzy\u0107 przysz\u0142o\u015b\u0107 \u2013 udana wizyta studyjna w Warszawie<\/div><div class=\"elementor-slide-description\"><p>W dniach 1-5 wrze\u015bnia w Warszawie odby\u0142a si\u0119 pierwsza z dw\u00f3ch wizyt w ramach projektu ID: CITIZEN. Zako\u0144czy\u0142a ona pierwszy etap projektu, kt\u00f3ry koncentrowa\u0142 si\u0119 na badaniu pozytywnych przyk\u0142ad\u00f3w w dziedzinie dost\u0119pno\u015bci i inkluzywnego planowania urbanistycznego w stolicy Polski. Wizyta zosta\u0142a zrealizowana we wsp\u00f3\u0142pracy z Fundacj\u0105 Integracja (Polska), Stowarzyszeniem Tenenet (S\u0142owacja) oraz organizacj\u0105 Hand in Hand (W\u0119gry), przy wsparciu Mi\u0119dzynarodowego Funduszu Wyszehradzkiego.  <\/p>\n<\/div><div  class=\"elementor-button elementor-slide-button elementor-size-sm\">Przeczytaj wi\u0119cej<\/div><\/div><\/a><\/div><div class=\"elementor-repeater-item-65a412d swiper-slide\" role=\"group\" aria-roledescription=\"slide\"><div class=\"swiper-slide-bg elementor-ken-burns elementor-ken-burns--in\" role=\"img\" aria-label=\"_Studiska poseta 1 Warsaw-06\"><\/div><div class=\"elementor-background-overlay\"><\/div><a class=\"swiper-slide-inner\" href=\"https:\/\/citizen.equality.agency\/pl\/obywatel-w-centrum-uwagi-polskie-doswiadczenia-w-zakresie-inkluzywnego-planowania-urbanistycznego\/\"><div class=\"swiper-slide-contents\"><div class=\"elementor-slide-heading\">OBYWATEL W CENTRUM UWAGI \u2013 polskie do\u015bwiadczenia w zakresie inkluzywnego planowania urbanistycznego<\/div><div class=\"elementor-slide-description\"><p>Pierwsza wizyta studyjna w ramach wst\u0119pnej fazy projektu ID:CITIZEN odb\u0119dzie si\u0119 w Warszawie w dniach 1\u20135 wrze\u015bnia 2025 r. Jest to pierwsza z dw\u00f3ch zaplanowanych wizyt w Warszawie i Bratys\u0142awie, kt\u00f3re b\u0119d\u0105 koncentrowa\u0107 si\u0119 na innowacyjnych praktykach w obszarach dost\u0119pno\u015bci, inkluzywnego planowania urbanistycznego i uczestnictwa os\u00f3b z niepe\u0142nosprawno\u015bciami w \u017cyciu kulturalnym. <\/p>\n<\/div><div  class=\"elementor-button elementor-slide-button elementor-size-sm\">Przeczytaj wi\u0119cej<\/div><\/div><\/a><\/div><div class=\"elementor-repeater-item-485b49b swiper-slide\" role=\"group\" aria-roledescription=\"slide\"><div class=\"swiper-slide-bg elementor-ken-burns elementor-ken-burns--in\" role=\"img\" aria-label=\"_Call Warsaw web-mkd\"><\/div><div class=\"elementor-background-overlay\"><\/div><a class=\"swiper-slide-inner\" href=\"https:\/\/citizen.equality.agency\/1-study-visit-warsaw\/\"><div class=\"swiper-slide-contents\"><div class=\"elementor-slide-heading\">Otwarty nab\u00f3r: Do\u0142\u0105cz do pierwszej wizyty studyjnej w ramach projektu ID: CITIZEN w Warszawie!<\/div><div class=\"elementor-slide-description\"><p>We\u017a udzia\u0142 w pierwszej wizycie studyjnej projektu ID: CITIZEN w Warszawie!<\/p>\n<\/div><div  class=\"elementor-button elementor-slide-button elementor-size-sm\">Przeczytaj wi\u0119cej<\/div><\/div><\/a><\/div><div class=\"elementor-repeater-item-74c2a37 swiper-slide\" role=\"group\" aria-roledescription=\"slide\"><div class=\"swiper-slide-bg elementor-ken-burns elementor-ken-burns--in\" role=\"img\" aria-label=\"Logo CitiZen\"><\/div><div class=\"elementor-background-overlay\"><\/div><a class=\"swiper-slide-inner\" href=\"https:\/\/citizen.equality.agency\/pl\/start-projektu-id-citizen-rozwiazywanie-wyzwan-dostepnosci\/\"><div class=\"swiper-slide-contents\"><div class=\"elementor-slide-heading\">Mi\u0119dzynarodowy projekt \u201eID: CITIZEN \u2013 Rozwi\u0105zywanie Wyzwa\u0144 Dost\u0119pno\u015bci\u201d<\/div><div class=\"elementor-slide-description\"><p>Mi\u0119dzynarodowy projekt \u201eID: CITIZEN \u2013 Rozwi\u0105zywanie Wyzwa\u0144 Dost\u0119pno\u015bci\u201d \u0142\u0105czy Macedoni\u0119 P\u00f3\u0142nocn\u0105, Polsk\u0119, W\u0119gry i S\u0142owacj\u0119, by promowa\u0107 dost\u0119pno\u015b\u0107, integracj\u0119 i wzmocnienie pozycji os\u00f3b z niepe\u0142nosprawno\u015bciami (OzN) poprzez zmiany w polityce, zwi\u0119kszanie \u015bwiadomo\u015bci i reformy instytucjonalne.<\/p>\n<\/div><div  class=\"elementor-button elementor-slide-button elementor-size-sm\">Przeczytaj wi\u0119cej<\/div><\/div><\/a><\/div>\t\t\t\t<\/div>\r\n\t\t\t\t\t\t\t\t\t\t\t\t\t\t\t<div class=\"elementor-swiper-button elementor-swiper-button-prev\" role=\"button\" tabindex=\"0\" aria-label=\"Previous slide\">\r\n\t\t\t\t\t\t\t<svg aria-hidden=\"true\" class=\"e-font-icon-svg e-eicon-chevron-left\" viewBox=\"0 0 1000 1000\" xmlns=\"http:\/\/www.w3.org\/2000\/svg\"><path d=\"M646 125C629 125 613 133 604 142L308 442C296 454 292 471 292 487 292 504 296 521 308 533L604 854C617 867 629 875 646 875 663 875 679 871 692 858 704 846 713 829 713 812 713 796 708 779 692 767L438 487 692 225C700 217 708 204 708 187 708 171 704 154 692 142 675 129 663 125 646 125Z\"><\/path><\/svg>\t\t\t\t\t\t<\/div>\r\n\t\t\t\t\t\t<div class=\"elementor-swiper-button elementor-swiper-button-next\" role=\"button\" tabindex=\"0\" aria-label=\"Next slide\">\r\n\t\t\t\t\t\t\t<svg aria-hidden=\"true\" class=\"e-font-icon-svg e-eicon-chevron-right\" viewBox=\"0 0 1000 1000\" xmlns=\"http:\/\/www.w3.org\/2000\/svg\"><path d=\"M696 533C708 521 713 504 713 487 713 471 708 454 696 446L400 146C388 133 375 125 354 125 338 125 325 129 313 142 300 154 292 171 292 187 292 204 296 221 308 233L563 492 304 771C292 783 288 800 288 817 288 833 296 850 308 863 321 871 338 875 354 875 371 875 388 867 400 854L696 533Z\"><\/path><\/svg>\t\t\t\t\t\t<\/div>\r\n\t\t\t\t\t\t\t\t\t\t\t\t\t\t\t\t<div class=\"swiper-pagination\"><\/div>\r\n\t\t\t\t\t\t\t\t\t\t\t\t<\/div>\r\n\t\t\t\t<\/div>\r\n\t\t\t\t\t\t\t\t<\/div>\n\t\t\t\t<\/div>\n\t\t\t\t\t<\/div>\n\t\t\t\t<\/div>\n\t\t<div class=\"elementor-element elementor-element-67e7d67 e-flex e-con-boxed e-con e-parent\" data-id=\"67e7d67\" data-element_type=\"container\" data-e-type=\"container\">\n\t\t\t\t\t<div class=\"e-con-inner\">\n\t\t\t\t\t<\/div>\n\t\t\t\t<\/div>\n\t\t\t\t<\/div>\n\t\t","protected":false},"excerpt":{"rendered":"<p>PRZYPADEK 4\u00b0: KIEDY DOST\u0118P DO EDUKACJI ZALE\u017bY OD LOBBINGU?Studentka &#8211; osoba z niepe\u0142nosprawno\u015bci\u0105, korzystaj\u0105ca z elektrycznego w\u00f3zka inwalidzkiego &#8211; napotka\u0142a [&hellip;]<\/p>\n","protected":false},"author":1,"featured_media":0,"parent":0,"menu_order":0,"comment_status":"closed","ping_status":"closed","template":"","meta":{"inline_featured_image":false,"site-sidebar-layout":"no-sidebar","site-content-layout":"","ast-site-content-layout":"full-width-container","site-content-style":"default","site-sidebar-style":"default","ast-global-header-display":"","ast-banner-title-visibility":"","ast-main-header-display":"","ast-hfb-above-header-display":"","ast-hfb-below-header-display":"","ast-hfb-mobile-header-display":"","site-post-title":"disabled","ast-breadcrumbs-content":"","ast-featured-img":"disabled","footer-sml-layout":"","theme-transparent-header-meta":"","adv-header-id-meta":"","stick-header-meta":"","header-above-stick-meta":"","header-main-stick-meta":"","header-below-stick-meta":"","astra-migrate-meta-layouts":"default","ast-page-background-enabled":"default","ast-page-background-meta":{"desktop":{"background-color":"var(--ast-global-color-5)","background-image":"","background-repeat":"repeat","background-position":"center center","background-size":"auto","background-attachment":"scroll","background-type":"","background-media":"","overlay-type":"","overlay-color":"","overlay-opacity":"","overlay-gradient":""},"tablet":{"background-color":"","background-image":"","background-repeat":"repeat","background-position":"center center","background-size":"auto","background-attachment":"scroll","background-type":"","background-media":"","overlay-type":"","overlay-color":"","overlay-opacity":"","overlay-gradient":""},"mobile":{"background-color":"","background-image":"","background-repeat":"repeat","background-position":"center center","background-size":"auto","background-attachment":"scroll","background-type":"","background-media":"","overlay-type":"","overlay-color":"","overlay-opacity":"","overlay-gradient":""}},"ast-content-background-meta":{"desktop":{"background-color":"var(--ast-global-color-4)","background-image":"","background-repeat":"repeat","background-position":"center center","background-size":"auto","background-attachment":"scroll","background-type":"","background-media":"","overlay-type":"","overlay-color":"","overlay-opacity":"","overlay-gradient":""},"tablet":{"background-color":"var(--ast-global-color-4)","background-image":"","background-repeat":"repeat","background-position":"center center","background-size":"auto","background-attachment":"scroll","background-type":"","background-media":"","overlay-type":"","overlay-color":"","overlay-opacity":"","overlay-gradient":""},"mobile":{"background-color":"var(--ast-global-color-4)","background-image":"","background-repeat":"repeat","background-position":"center center","background-size":"auto","background-attachment":"scroll","background-type":"","background-media":"","overlay-type":"","overlay-color":"","overlay-opacity":"","overlay-gradient":""}},"footnotes":""},"class_list":["post-547","page","type-page","status-publish","hentry"],"_links":{"self":[{"href":"https:\/\/citizen.equality.agency\/pl\/wp-json\/wp\/v2\/pages\/547","targetHints":{"allow":["GET"]}}],"collection":[{"href":"https:\/\/citizen.equality.agency\/pl\/wp-json\/wp\/v2\/pages"}],"about":[{"href":"https:\/\/citizen.equality.agency\/pl\/wp-json\/wp\/v2\/types\/page"}],"author":[{"embeddable":true,"href":"https:\/\/citizen.equality.agency\/pl\/wp-json\/wp\/v2\/users\/1"}],"replies":[{"embeddable":true,"href":"https:\/\/citizen.equality.agency\/pl\/wp-json\/wp\/v2\/comments?post=547"}],"version-history":[{"count":15,"href":"https:\/\/citizen.equality.agency\/pl\/wp-json\/wp\/v2\/pages\/547\/revisions"}],"predecessor-version":[{"id":1556,"href":"https:\/\/citizen.equality.agency\/pl\/wp-json\/wp\/v2\/pages\/547\/revisions\/1556"}],"wp:attachment":[{"href":"https:\/\/citizen.equality.agency\/pl\/wp-json\/wp\/v2\/media?parent=547"}],"curies":[{"name":"wp","href":"https:\/\/api.w.org\/{rel}","templated":true}]}}