{"id":520,"date":"2025-05-19T08:58:57","date_gmt":"2025-05-19T08:58:57","guid":{"rendered":"https:\/\/citizen.equality.agency\/otthon\/"},"modified":"2026-04-20T14:47:37","modified_gmt":"2026-04-20T14:47:37","slug":"otthon","status":"publish","type":"page","link":"https:\/\/citizen.equality.agency\/hu\/","title":{"rendered":"Otthon"},"content":{"rendered":"\t\t<div data-elementor-type=\"wp-page\" data-elementor-id=\"520\" class=\"elementor elementor-520 elementor-32\" data-elementor-post-type=\"page\">\n\t\t\t\t<div class=\"elementor-element elementor-element-bbf50ad e-flex e-con-boxed e-con e-parent\" data-id=\"bbf50ad\" data-element_type=\"container\" data-e-type=\"container\">\n\t\t\t\t\t<div class=\"e-con-inner\">\n\t\t\t\t<div class=\"elementor-element elementor-element-77f05af elementor--h-position-center elementor--v-position-middle elementor-arrows-position-inside elementor-pagination-position-inside elementor-widget elementor-widget-slides\" data-id=\"77f05af\" data-element_type=\"widget\" data-e-type=\"widget\" data-settings=\"{&quot;navigation&quot;:&quot;both&quot;,&quot;autoplay&quot;:&quot;yes&quot;,&quot;pause_on_hover&quot;:&quot;yes&quot;,&quot;pause_on_interaction&quot;:&quot;yes&quot;,&quot;autoplay_speed&quot;:5000,&quot;infinite&quot;:&quot;yes&quot;,&quot;transition&quot;:&quot;slide&quot;,&quot;transition_speed&quot;:500}\" data-widget_type=\"slides.default\">\n\t\t\t\t<div class=\"elementor-widget-container\">\n\t\t\t\t\t\t\t\t\t<div class=\"elementor-swiper\">\r\n\t\t\t\t\t<div class=\"elementor-slides-wrapper elementor-main-swiper swiper\" role=\"region\" aria-roledescription=\"carousel\" aria-label=\"Slides\" dir=\"ltr\" data-animation=\"fadeInUp\">\r\n\t\t\t\t<div class=\"swiper-wrapper elementor-slides\">\r\n\t\t\t\t\t\t\t\t\t\t<div class=\"elementor-repeater-item-1d92f6b swiper-slide\" role=\"group\" aria-roledescription=\"slide\"><div class=\"swiper-slide-bg elementor-ken-burns elementor-ken-burns--in\" role=\"img\" aria-label=\"macedonia-when-lobbying-is-needed-for-accessibility-hun\"><\/div><div class=\"elementor-background-overlay\"><\/div><a class=\"swiper-slide-inner\" href=\"https:\/\/citizen.equality.agency\/hu\/esettanulmany-4-idcitizen-amikor-az-oktatashoz-valo-hozzaferes-lobbizason-mulik\/\"><div class=\"swiper-slide-contents\"><div class=\"elementor-slide-heading\">ESETTANULM\u00c1NY 4\u00b0: AMIKOR AZ OKTAT\u00c1SHOZ VAL\u00d3 HOZZ\u00c1F\u00c9R\u00c9S LOBBIZ\u00c1SON M\u00daLIK?<\/div><div class=\"elementor-slide-description\">Egy hallgat\u00f3 - fogyat\u00e9koss\u00e1ggal \u00e9l\u0151 szem\u00e9ly, aki elektromos kerekessz\u00e9ket haszn\u00e1l - s\u00falyos akad\u00e1lyokkal szembes\u00fclt a fizikai hozz\u00e1f\u00e9r\u00e9s ter\u00e9n egy maced\u00f3niai mag\u00e1n fels\u0151oktat\u00e1si int\u00e9zm\u00e9nyben. Hi\u00e1ba pr\u00f3b\u00e1lt seg\u00edts\u00e9get k\u00e9rni, az int\u00e9zm\u00e9ny r\u00e9sz\u00e9r\u0151l elmaradt a v\u00e1lasz.<\/div><div  class=\"elementor-button elementor-slide-button elementor-size-sm\">Tov\u00e1bbi inform\u00e1ci\u00f3<\/div><\/div><\/a><\/div><div class=\"elementor-repeater-item-99091c5 swiper-slide\" role=\"group\" aria-roledescription=\"slide\"><div class=\"swiper-slide-bg elementor-ken-burns elementor-ken-burns--in\" role=\"img\" aria-label=\"Slovakia_Introduce_Digital_accessibility_priority_HUN\"><\/div><div class=\"elementor-background-overlay\"><\/div><a class=\"swiper-slide-inner\" href=\"https:\/\/citizen.equality.agency\/hu\/esettanulmany-3-id-szlovakia-jogi-kotelezettsegkent-vezeti-be-a-digitalis-akadalymentesitest\/\"><div class=\"swiper-slide-contents\"><div class=\"elementor-slide-heading\">ESETTANULM\u00c1NY 3\u00b0: SZLOV\u00c1KIA JOGI K\u00d6TELEZETTS\u00c9GK\u00c9NT VEZETI BE A DIGIT\u00c1LIS AKAD\u00c1LYMENTES\u00cdT\u00c9ST<\/div><div class=\"elementor-slide-description\"><p>2025 j\u00fanius\u00e1t\u00f3l Szlov\u00e1kia a digit\u00e1lis akad\u00e1lymentes\u00edt\u00e9st jogi k\u00f6telezetts\u00e9gk\u00e9nt vezette be, ami jelent\u0151s v\u00e1ltoz\u00e1st hozott a k\u00f6zint\u00e9zm\u00e9nyekben.<\/p>\n<\/div><div  class=\"elementor-button elementor-slide-button elementor-size-sm\">Tov\u00e1bbi inform\u00e1ci\u00f3<\/div><\/div><\/a><\/div><div class=\"elementor-repeater-item-adc40b5 swiper-slide\" role=\"group\" aria-roledescription=\"slide\"><div class=\"swiper-slide-bg elementor-ken-burns elementor-ken-burns--in\" role=\"img\" aria-label=\"_Polska_Case 2_Acessibility in Public Spaes_MKD\"><\/div><div class=\"elementor-background-overlay\"><\/div><a class=\"swiper-slide-inner\" href=\"https:\/\/citizen.equality.agency\/hu\/esettanulmany-1-id-citizen-lengyelorszag-meltosagteljes-gondozast-es-akadalymentes-hozzaferest-biztosit-a-kozintezmenyekben\/\"><div class=\"swiper-slide-contents\"><div class=\"elementor-slide-heading\">ESETTANULM\u00c1NY 2\u00b0: LENGYELORSZ\u00c1G M\u00c9LT\u00d3S\u00c1GTELJES GONDOZ\u00c1ST \u00c9S AKAD\u00c1LYMENTES HOZZ\u00c1F\u00c9R\u00c9ST BIZTOS\u00cdT A K\u00d6ZINT\u00c9ZM\u00c9NYEKBEN.<\/div><div class=\"elementor-slide-description\"><p>Az ID:CITIZEN nemzetk\u00f6zi kamp\u00e1ny c\u00e9lja, hogy pozit\u00edv p\u00e9ld\u00e1kat mutasson be a fogyat\u00e9kkal \u00e9l\u0151k kult\u00far\u00e1ba, oktat\u00e1sba \u00e9s k\u00f6zterekbe val\u00f3 hozz\u00e1f\u00e9r\u00e9s\u00e9nek \u00e9s befogad\u00e1s\u00e1nak jav\u00edt\u00e1s\u00e1ra szerte a vil\u00e1gon \ud83c\uddf2\ud83c\uddf0\ud83c\udded\ud83c\uddfa\ud83c\uddf5\ud83c\uddf1\ud83c\uddf8\ud83c\uddf0<\/p>\n<\/div><div  class=\"elementor-button elementor-slide-button elementor-size-sm\">\u041f\u0440\u043e\u0447\u0438\u0442\u0430\u0458 \u043f\u043e\u0432\u0435\u045c\u0435<\/div><\/div><\/a><\/div><div class=\"elementor-repeater-item-8f56a42 swiper-slide\" role=\"group\" aria-roledescription=\"slide\"><div class=\"swiper-slide-bg elementor-ken-burns elementor-ken-burns--in\" role=\"img\" aria-label=\"_Budimpeshta-14\"><\/div><div class=\"elementor-background-overlay\"><\/div><a class=\"swiper-slide-inner\" href=\"https:\/\/citizen.equality.agency\/hu\/idcitizen-kampany-hogyan-valt-akadalyossa-a-budapesti-m3-as-vonal\/\"><div class=\"swiper-slide-contents\"><div class=\"elementor-slide-heading\">ESETTANULM\u00c1NY 1\u00b0: HOGYAN V\u00c1LT HOZZ\u00c1F\u00c9RHET\u0150V\u00c9 AZ M3-AS METR\u00d3VONAL?<\/div><div class=\"elementor-slide-description\"><p>Az ID:CITIZEN nemzetk\u00f6zi kamp\u00e1ny c\u00e9lja, hogy pozit\u00edv p\u00e9ld\u00e1kat mutasson be a fogyat\u00e9kkal \u00e9l\u0151k kult\u00far\u00e1ba, oktat\u00e1sba \u00e9s k\u00f6zterekbe val\u00f3 hozz\u00e1f\u00e9r\u00e9s\u00e9nek \u00e9s befogad\u00e1s\u00e1nak jav\u00edt\u00e1s\u00e1ra szerte a vil\u00e1gon \ud83c\uddf2\ud83c\uddf0\ud83c\udded\ud83c\uddfa\ud83c\uddf5\ud83c\uddf1\ud83c\uddf8\ud83c\uddf0.<\/p>\n<\/div><div  class=\"elementor-button elementor-slide-button elementor-size-sm\">Tov\u00e1bbi inform\u00e1ci\u00f3<\/div><\/div><\/a><\/div><div class=\"elementor-repeater-item-5ec389a swiper-slide\" role=\"group\" aria-roledescription=\"slide\"><div class=\"swiper-slide-bg elementor-ken-burns elementor-ken-burns--in\" role=\"img\" aria-label=\"IMG_1243\"><\/div><div class=\"elementor-background-overlay\"><\/div><a class=\"swiper-slide-inner\" href=\"https:\/\/citizen.equality.agency\/hu\/gin-ambit-nga-mga-panan-awan-para-sa-madali-ma-access-nga-mga-palibot-sa-kasyudaran-madinalag-on-nga-pagbisita-sa-pagtuon-sa-bratislava\/\"><div class=\"swiper-slide-contents\"><div class=\"elementor-slide-heading\">K\u00f6z\u00f6s j\u00f6v\u0151k\u00e9p az akad\u00e1lymentes v\u00e1rosi k\u00f6rnyezetr\u0151l \u2013 sikeres tanulm\u00e1ny\u00fat Pozsonyban<\/div><div class=\"elementor-slide-description\"><p>Szeptember 10. \u00e9s 14. k\u00f6z\u00f6tt ker\u00fclt sor az ID: CITIZEN projekt keret\u00e9ben a m\u00e1sodik l\u00e1togat\u00e1sra Pozsonyban, Szlov\u00e1ki\u00e1ban. Ez sikeresen lez\u00e1rta a projekt els\u0151 f\u00e1zis\u00e1t, amely k\u00e9t l\u00e1togat\u00e1st foglalt mag\u00e1ban, melyek c\u00e9lja a hozz\u00e1f\u00e9rhet\u0151s\u00e9g \u00e9s az inkluz\u00edv v\u00e1rostervez\u00e9s ter\u00e9n bev\u00e1lt gyakorlatok felt\u00e1r\u00e1sa volt Lengyelorsz\u00e1gban \u00e9s Szlov\u00e1ki\u00e1ban. A l\u00e1togat\u00e1st az Integr\u00e1ci\u00f3s Alap\u00edtv\u00e1nnyal (Lengyelorsz\u00e1g), a Tenenet Egyes\u00fclettel (Szlov\u00e1kia) \u00e9s a K\u00e9zen Fogva Szervezettel (Magyarorsz\u00e1g) partners\u00e9gben, a Nemzetk\u00f6zi Visegr\u00e1di Alap t\u00e1mogat\u00e1s\u00e1val val\u00f3s\u00edtott\u00e1k meg. <\/p>\n<\/div><div  class=\"elementor-button elementor-slide-button elementor-size-sm\">Tov\u00e1bbi inform\u00e1ci\u00f3<\/div><\/div><\/a><\/div><div class=\"elementor-repeater-item-c257b1a swiper-slide\" role=\"group\" aria-roledescription=\"slide\"><div class=\"swiper-slide-bg elementor-ken-burns elementor-ken-burns--in\" role=\"img\" aria-label=\"_Povik Bratislava-12\"><\/div><div class=\"elementor-background-overlay\"><\/div><a class=\"swiper-slide-inner\" href=\"https:\/\/citizen.equality.agency\/hu\/panawagan-sa-publiko-mag-upod-sa-ikaduha-nga-pagbisita-sa-pagtuon-sang-id-citizen-nga-proyekto-sa-bratislava-slovakia\/\"><div class=\"swiper-slide-contents\"><div class=\"elementor-slide-heading\">Nyilv\u00e1nos felh\u00edv\u00e1s: Csatlakozzon az ID: CITIZEN projekt m\u00e1sodik tanulm\u00e1ny\u00fatj\u00e1hoz Pozsonyban, Szlov\u00e1ki\u00e1ban!<\/div><div class=\"elementor-slide-description\"><p>Csatlakozzon az ID:CITIZEN projekt m\u00e1sodik tanulm\u00e1ny\u00fatj\u00e1hoz Pozsonyban, Szlov\u00e1ki\u00e1ban!<\/p>\n<\/div><div  class=\"elementor-button elementor-slide-button elementor-size-sm\">Tov\u00e1bbi inform\u00e1ci\u00f3<\/div><\/div><\/a><\/div><div class=\"elementor-repeater-item-bb7a4d5 swiper-slide\" role=\"group\" aria-roledescription=\"slide\"><div class=\"swiper-slide-bg elementor-ken-burns elementor-ken-burns--in\" role=\"img\" aria-label=\"_Otpochnuvanje kampanja web-14\"><\/div><div class=\"elementor-background-overlay\"><\/div><a class=\"swiper-slide-inner\" href=\"https:\/\/citizen.equality.agency\/hu\/%f0%9f%9a%80-nemzetkozi-azonositoallampali-kampany\/\"><div class=\"swiper-slide-contents\"><div class=\"elementor-slide-heading\">\ud83d\ude80 NEMZETK\u00d6ZI AZONOS\u00cdT\u00d3:\u00c1LLAMPALI KAMP\u00c1NY!<\/div><div class=\"elementor-slide-description\"><p> Az ID:CITIZEN projekt keret\u00e9ben nemzetk\u00f6zi t\u00e1rsadalmi kamp\u00e1nyt ind\u00edtunk a kult\u00far\u00e1ban, az oktat\u00e1sban \u00e9s a k\u00f6ztereken val\u00f3 hozz\u00e1f\u00e9rhet\u0151s\u00e9g \u00e9s befogad\u00e1s el\u0151mozd\u00edt\u00e1s\u00e1ra \ud83c\uddf2\ud83c\uddf0\ud83c\udded\ud83c\uddfa\ud83c\uddf5\ud83c\uddf1\ud83c\uddf8\ud83c\uddf0. <\/p>\n<\/div><div  class=\"elementor-button elementor-slide-button elementor-size-sm\">Tov\u00e1bbi inform\u00e1ci\u00f3<\/div><\/div><\/a><\/div><div class=\"elementor-repeater-item-a45dbdb swiper-slide\" role=\"group\" aria-roledescription=\"slide\"><div class=\"swiper-slide-bg elementor-ken-burns elementor-ken-burns--in\" role=\"img\" aria-label=\"8\"><\/div><div class=\"elementor-background-overlay\"><\/div><a class=\"swiper-slide-inner\" href=\"https:\/\/citizen.equality.agency\/hu\/mindenkinek-joga-van-a-jovo-alakitasahoz-egy-sikeres-varsoi-tanulmanyut\/\"><div class=\"swiper-slide-contents\"><div class=\"elementor-slide-heading\">Mindenkinek joga van a j\u00f6v\u0151 alak\u00edt\u00e1s\u00e1hoz \u2013 egy sikeres Vars\u00f3i tanulm\u00e1ny\u00fat<\/div><div class=\"elementor-slide-description\"><p>Szeptember 1. \u00e9s 5. k\u00f6z\u00f6tt Vars\u00f3ban, Lengyelorsz\u00e1gban ker\u00fclt sor az ID: CITIZEN projekt keret\u00e9ben szervezett k\u00e9t l\u00e1togat\u00e1s k\u00f6z\u00fcl az els\u0151re. Ezzel lez\u00e1rult a projekt els\u0151 f\u00e1zisa, amely a lengyel f\u0151v\u00e1rosban az akad\u00e1lymentes\u00edt\u00e9s \u00e9s az inkluz\u00edv v\u00e1rostervez\u00e9s ter\u00fclet\u00e9n mutatkoz\u00f3 pozit\u00edv p\u00e9ld\u00e1k felt\u00e1r\u00e1s\u00e1ra \u00f6sszpontos\u00edtott. A l\u00e1togat\u00e1st az Integr\u00e1ci\u00f3s Alap\u00edtv\u00e1nnyal (Lengyelorsz\u00e1g), a Tenenet Egyes\u00fclettel (Szlov\u00e1kia) \u00e9s a K\u00e9zen Fogva Szervezettel (Magyarorsz\u00e1g) partners\u00e9gben, a Nemzetk\u00f6zi Visegr\u00e1di Alap t\u00e1mogat\u00e1s\u00e1val val\u00f3s\u00edtott\u00e1k meg.  <\/p>\n<\/div><div  class=\"elementor-button elementor-slide-button elementor-size-sm\">Tov\u00e1bbi inform\u00e1ci\u00f3<\/div><\/div><\/a><\/div><div class=\"elementor-repeater-item-65a412d swiper-slide\" role=\"group\" aria-roledescription=\"slide\"><div class=\"swiper-slide-bg elementor-ken-burns elementor-ken-burns--in\" role=\"img\" aria-label=\"_Studiska poseta 1 Warsaw-06\"><\/div><div class=\"elementor-background-overlay\"><\/div><a class=\"swiper-slide-inner\" href=\"https:\/\/citizen.equality.agency\/hu\/polgar-a-fokuszban-lengyel-tapasztalatok-az-inkluziv-varostervezesben\/\"><div class=\"swiper-slide-contents\"><div class=\"elementor-slide-heading\">POLG\u00c1R A F\u00d3KUSZBAN \u2013 Lengyel tapasztalatok az inkluz\u00edv v\u00e1rostervez\u00e9sben<\/div><div class=\"elementor-slide-description\"><p>Az ID:CITIZEN projekt kezdeti f\u00e1zis\u00e1nak els\u0151 tanulm\u00e1ny\u00fatj\u00e1ra Vars\u00f3ban, Lengyelorsz\u00e1gban ker\u00fcl sor 2025. szeptember 1. \u00e9s 5. k\u00f6z\u00f6tt. Ez a k\u00e9t tervezett l\u00e1togat\u00e1s k\u00f6z\u00fcl az els\u0151, Vars\u00f3ba \u00e9s Pozsonyba, amelyek az akad\u00e1lymentes\u00edt\u00e9s, az inkluz\u00edv v\u00e1rostervez\u00e9s \u00e9s a fogyat\u00e9kkal \u00e9l\u0151k kultur\u00e1lis r\u00e9szv\u00e9tele ter\u00fclet\u00e9n alkalmazott innovat\u00edv gyakorlatokra fognak \u00f6sszpontos\u00edtani. <\/p>\n<\/div><div  class=\"elementor-button elementor-slide-button elementor-size-sm\">Tov\u00e1bbi inform\u00e1ci\u00f3<\/div><\/div><\/a><\/div><div class=\"elementor-repeater-item-485b49b swiper-slide\" role=\"group\" aria-roledescription=\"slide\"><div class=\"swiper-slide-bg elementor-ken-burns elementor-ken-burns--in\" role=\"img\" aria-label=\"_Call Warsaw web-mkd\"><\/div><div class=\"elementor-background-overlay\"><\/div><a class=\"swiper-slide-inner\" href=\"https:\/\/citizen.equality.agency\/1-study-visit-warsaw\/\"><div class=\"swiper-slide-contents\"><div class=\"elementor-slide-heading\">Ny\u00edlt felh\u00edv\u00e1s: Vegy\u00e9l r\u00e9szt az ID: CITIZEN projekt els\u0151 tanulm\u00e1ny\u00fatj\u00e1n Vars\u00f3ban!<\/div><div class=\"elementor-slide-description\"><p>Csatlakozz az ID: CITIZEN projekt els\u0151 tanulm\u00e1ny\u00fatj\u00e1hoz Vars\u00f3ban, Lengyelorsz\u00e1gban!<\/p>\n<\/div><div  class=\"elementor-button elementor-slide-button elementor-size-sm\">Tov\u00e1bbi inform\u00e1ci\u00f3...<\/div><\/div><\/a><\/div><div class=\"elementor-repeater-item-74c2a37 swiper-slide\" role=\"group\" aria-roledescription=\"slide\"><div class=\"swiper-slide-bg elementor-ken-burns elementor-ken-burns--in\" role=\"img\" aria-label=\"Logo CitiZen\"><\/div><div class=\"elementor-background-overlay\"><\/div><a class=\"swiper-slide-inner\" href=\"https:\/\/citizen.equality.agency\/hu\/projektinditas-id-citizen-akadalymentessegi-kihivasok-es-megoldasok\/\"><div class=\"swiper-slide-contents\"><div class=\"elementor-slide-heading\">Projektind\u00edt\u00f3: \u201eID: CITIZEN \u2013 Akad\u00e1lymentes\u00edt\u00e9si kih\u00edv\u00e1sok megold\u00e1sa\u201d<\/div><div class=\"elementor-slide-description\"><p>Az \u201eID: CITIZEN \u2013 A hozz\u00e1f\u00e9rhet\u0151s\u00e9gi kih\u00edv\u00e1sok kezel\u00e9se\u201d nemzetk\u00f6zi projekt Maced\u00f3ni\u00e1t, Lengyelorsz\u00e1got, Magyarorsz\u00e1got \u00e9s Szlov\u00e1ki\u00e1t egyes\u00edti azzal a c\u00e9llal, hogy politik\u00e1k, figyelemfelkelt\u00e9s \u00e9s int\u00e9zm\u00e9nyi v\u00e1ltoz\u00e1sok r\u00e9v\u00e9n el\u0151mozd\u00edtsa a fogyat\u00e9kkal \u00e9l\u0151k (PWD-k) hozz\u00e1f\u00e9rhet\u0151s\u00e9g\u00e9t, befogad\u00e1s\u00e1t \u00e9s \u00f6nrendelkez\u00e9s\u00e9t...<\/p>\n<\/div><div  class=\"elementor-button elementor-slide-button elementor-size-sm\">Tov\u00e1bbi inform\u00e1ci\u00f3<\/div><\/div><\/a><\/div>\t\t\t\t<\/div>\r\n\t\t\t\t\t\t\t\t\t\t\t\t\t\t\t<div class=\"elementor-swiper-button elementor-swiper-button-prev\" role=\"button\" tabindex=\"0\" aria-label=\"Previous slide\">\r\n\t\t\t\t\t\t\t<svg aria-hidden=\"true\" class=\"e-font-icon-svg e-eicon-chevron-left\" viewBox=\"0 0 1000 1000\" xmlns=\"http:\/\/www.w3.org\/2000\/svg\"><path d=\"M646 125C629 125 613 133 604 142L308 442C296 454 292 471 292 487 292 504 296 521 308 533L604 854C617 867 629 875 646 875 663 875 679 871 692 858 704 846 713 829 713 812 713 796 708 779 692 767L438 487 692 225C700 217 708 204 708 187 708 171 704 154 692 142 675 129 663 125 646 125Z\"><\/path><\/svg>\t\t\t\t\t\t<\/div>\r\n\t\t\t\t\t\t<div class=\"elementor-swiper-button elementor-swiper-button-next\" role=\"button\" tabindex=\"0\" aria-label=\"Next slide\">\r\n\t\t\t\t\t\t\t<svg aria-hidden=\"true\" class=\"e-font-icon-svg e-eicon-chevron-right\" viewBox=\"0 0 1000 1000\" xmlns=\"http:\/\/www.w3.org\/2000\/svg\"><path d=\"M696 533C708 521 713 504 713 487 713 471 708 454 696 446L400 146C388 133 375 125 354 125 338 125 325 129 313 142 300 154 292 171 292 187 292 204 296 221 308 233L563 492 304 771C292 783 288 800 288 817 288 833 296 850 308 863 321 871 338 875 354 875 371 875 388 867 400 854L696 533Z\"><\/path><\/svg>\t\t\t\t\t\t<\/div>\r\n\t\t\t\t\t\t\t\t\t\t\t\t\t\t\t\t<div class=\"swiper-pagination\"><\/div>\r\n\t\t\t\t\t\t\t\t\t\t\t\t<\/div>\r\n\t\t\t\t<\/div>\r\n\t\t\t\t\t\t\t\t<\/div>\n\t\t\t\t<\/div>\n\t\t\t\t\t<\/div>\n\t\t\t\t<\/div>\n\t\t<div class=\"elementor-element elementor-element-67e7d67 e-flex e-con-boxed e-con e-parent\" data-id=\"67e7d67\" data-element_type=\"container\" data-e-type=\"container\">\n\t\t\t\t\t<div class=\"e-con-inner\">\n\t\t\t\t\t<\/div>\n\t\t\t\t<\/div>\n\t\t\t\t<\/div>\n\t\t","protected":false},"excerpt":{"rendered":"<p>ESETTANULM\u00c1NY 4\u00b0: AMIKOR AZ OKTAT\u00c1SHOZ VAL\u00d3 HOZZ\u00c1F\u00c9R\u00c9S LOBBIZ\u00c1SON M\u00daLIK?Egy hallgat\u00f3 &#8211; fogyat\u00e9koss\u00e1ggal \u00e9l\u0151 szem\u00e9ly, aki elektromos kerekessz\u00e9ket haszn\u00e1l &#8211; s\u00falyos [&hellip;]<\/p>\n","protected":false},"author":1,"featured_media":0,"parent":0,"menu_order":0,"comment_status":"closed","ping_status":"closed","template":"","meta":{"inline_featured_image":false,"site-sidebar-layout":"no-sidebar","site-content-layout":"","ast-site-content-layout":"full-width-container","site-content-style":"default","site-sidebar-style":"default","ast-global-header-display":"","ast-banner-title-visibility":"","ast-main-header-display":"","ast-hfb-above-header-display":"","ast-hfb-below-header-display":"","ast-hfb-mobile-header-display":"","site-post-title":"disabled","ast-breadcrumbs-content":"","ast-featured-img":"disabled","footer-sml-layout":"","theme-transparent-header-meta":"","adv-header-id-meta":"","stick-header-meta":"","header-above-stick-meta":"","header-main-stick-meta":"","header-below-stick-meta":"","astra-migrate-meta-layouts":"default","ast-page-background-enabled":"default","ast-page-background-meta":{"desktop":{"background-color":"var(--ast-global-color-5)","background-image":"","background-repeat":"repeat","background-position":"center center","background-size":"auto","background-attachment":"scroll","background-type":"","background-media":"","overlay-type":"","overlay-color":"","overlay-opacity":"","overlay-gradient":""},"tablet":{"background-color":"","background-image":"","background-repeat":"repeat","background-position":"center center","background-size":"auto","background-attachment":"scroll","background-type":"","background-media":"","overlay-type":"","overlay-color":"","overlay-opacity":"","overlay-gradient":""},"mobile":{"background-color":"","background-image":"","background-repeat":"repeat","background-position":"center center","background-size":"auto","background-attachment":"scroll","background-type":"","background-media":"","overlay-type":"","overlay-color":"","overlay-opacity":"","overlay-gradient":""}},"ast-content-background-meta":{"desktop":{"background-color":"var(--ast-global-color-4)","background-image":"","background-repeat":"repeat","background-position":"center center","background-size":"auto","background-attachment":"scroll","background-type":"","background-media":"","overlay-type":"","overlay-color":"","overlay-opacity":"","overlay-gradient":""},"tablet":{"background-color":"var(--ast-global-color-4)","background-image":"","background-repeat":"repeat","background-position":"center center","background-size":"auto","background-attachment":"scroll","background-type":"","background-media":"","overlay-type":"","overlay-color":"","overlay-opacity":"","overlay-gradient":""},"mobile":{"background-color":"var(--ast-global-color-4)","background-image":"","background-repeat":"repeat","background-position":"center center","background-size":"auto","background-attachment":"scroll","background-type":"","background-media":"","overlay-type":"","overlay-color":"","overlay-opacity":"","overlay-gradient":""}},"footnotes":""},"class_list":["post-520","page","type-page","status-publish","hentry"],"_links":{"self":[{"href":"https:\/\/citizen.equality.agency\/hu\/wp-json\/wp\/v2\/pages\/520","targetHints":{"allow":["GET"]}}],"collection":[{"href":"https:\/\/citizen.equality.agency\/hu\/wp-json\/wp\/v2\/pages"}],"about":[{"href":"https:\/\/citizen.equality.agency\/hu\/wp-json\/wp\/v2\/types\/page"}],"author":[{"embeddable":true,"href":"https:\/\/citizen.equality.agency\/hu\/wp-json\/wp\/v2\/users\/1"}],"replies":[{"embeddable":true,"href":"https:\/\/citizen.equality.agency\/hu\/wp-json\/wp\/v2\/comments?post=520"}],"version-history":[{"count":20,"href":"https:\/\/citizen.equality.agency\/hu\/wp-json\/wp\/v2\/pages\/520\/revisions"}],"predecessor-version":[{"id":1559,"href":"https:\/\/citizen.equality.agency\/hu\/wp-json\/wp\/v2\/pages\/520\/revisions\/1559"}],"wp:attachment":[{"href":"https:\/\/citizen.equality.agency\/hu\/wp-json\/wp\/v2\/media?parent=520"}],"curies":[{"name":"wp","href":"https:\/\/api.w.org\/{rel}","templated":true}]}}